{"id":213,"date":"2022-01-24T14:16:09","date_gmt":"2022-01-24T12:16:09","guid":{"rendered":"http:\/\/inweb548537.grid1.customers.inhosting.fi\/?page_id=213"},"modified":"2022-02-09T14:12:07","modified_gmt":"2022-02-09T12:12:07","slug":"tehdas-ja-voimalaitossuunnittelu","status":"publish","type":"page","link":"https:\/\/polartek.fi\/en\/tehdas-ja-voimalaitossuunnittelu\/","title":{"rendered":"Tehdas &#8211; ja voimalaitossuunnittelu"},"content":{"rendered":"<div data-elementor-type=\"wp-page\" data-elementor-id=\"213\" class=\"elementor elementor-213\">\n\t\t\t\t\t\t<section class=\"elementor-section elementor-top-section elementor-element elementor-element-5419c5e9 elementor-section-full_width elementor-section-height-min-height elementor-section-height-default elementor-section-items-middle\" data-id=\"5419c5e9\" data-element_type=\"section\" data-settings=\"{&quot;background_background&quot;:&quot;classic&quot;}\">\n\t\t\t\t\t\t<div class=\"elementor-container elementor-column-gap-default\">\n\t\t\t\t\t<div class=\"elementor-column elementor-col-100 elementor-top-column elementor-element elementor-element-7f22464a\" data-id=\"7f22464a\" data-element_type=\"column\">\n\t\t\t<div class=\"elementor-widget-wrap elementor-element-populated\">\n\t\t\t\t\t\t<section class=\"elementor-section elementor-inner-section elementor-element elementor-element-39091164 elementor-section-full_width elementor-section-height-default elementor-section-height-default\" data-id=\"39091164\" data-element_type=\"section\">\n\t\t\t\t\t\t<div class=\"elementor-container elementor-column-gap-default\">\n\t\t\t\t\t<div class=\"elementor-column elementor-col-100 elementor-inner-column elementor-element elementor-element-6a01ac9f\" data-id=\"6a01ac9f\" data-element_type=\"column\">\n\t\t\t<div class=\"elementor-widget-wrap elementor-element-populated\">\n\t\t\t\t\t\t<div class=\"elementor-element elementor-element-310d2009 elementor-widget elementor-widget-heading\" data-id=\"310d2009\" data-element_type=\"widget\" data-widget_type=\"heading.default\">\n\t\t\t\t<div class=\"elementor-widget-container\">\n\t\t\t\t\t<h1 class=\"elementor-heading-title elementor-size-default\">Factory and<br>power plant<br>engineering<\/h1>\t\t\t\t<\/div>\n\t\t\t\t<\/div>\n\t\t\t\t<div class=\"elementor-element elementor-element-64ec5c7a elementor-widget elementor-widget-text-editor\" data-id=\"64ec5c7a\" data-element_type=\"widget\" data-widget_type=\"text-editor.default\">\n\t\t\t\t<div class=\"elementor-widget-container\">\n\t\t\t\t\t\t\t\t\t<p>High quality factory and power plant engineering<\/p>\t\t\t\t\t\t\t\t<\/div>\n\t\t\t\t<\/div>\n\t\t\t\t<div class=\"elementor-element elementor-element-29295965 elementor-align-left elementor-tablet-align-center elementor-widget elementor-widget-button\" data-id=\"29295965\" data-element_type=\"widget\" data-widget_type=\"button.default\">\n\t\t\t\t<div class=\"elementor-widget-container\">\n\t\t\t\t\t\t\t\t\t<div class=\"elementor-button-wrapper\">\n\t\t\t\t\t<a class=\"elementor-button elementor-button-link elementor-size-sm\" href=\"http:\/\/polartek.fi\/en\/yhteys\/\">\n\t\t\t\t\t\t<span class=\"elementor-button-content-wrapper\">\n\t\t\t\t\t\t\t\t\t<span class=\"elementor-button-text\">Contact us<\/span>\n\t\t\t\t\t<\/span>\n\t\t\t\t\t<\/a>\n\t\t\t\t<\/div>\n\t\t\t\t\t\t\t\t<\/div>\n\t\t\t\t<\/div>\n\t\t\t\t\t<\/div>\n\t\t<\/div>\n\t\t\t\t\t<\/div>\n\t\t<\/section>\n\t\t\t\t\t<\/div>\n\t\t<\/div>\n\t\t\t\t\t<\/div>\n\t\t<\/section>\n\t\t\t\t<section class=\"elementor-section elementor-top-section elementor-element elementor-element-121c0201 elementor-section-full_width elementor-section-height-default elementor-section-height-default\" data-id=\"121c0201\" data-element_type=\"section\">\n\t\t\t\t\t\t<div class=\"elementor-container elementor-column-gap-default\">\n\t\t\t\t\t<div class=\"elementor-column elementor-col-50 elementor-top-column elementor-element elementor-element-70dda810\" data-id=\"70dda810\" data-element_type=\"column\" data-settings=\"{&quot;background_background&quot;:&quot;classic&quot;}\">\n\t\t\t<div class=\"elementor-widget-wrap\">\n\t\t\t\t\t\t\t<\/div>\n\t\t<\/div>\n\t\t\t\t<div class=\"elementor-column elementor-col-50 elementor-top-column elementor-element elementor-element-2ec60ced\" data-id=\"2ec60ced\" data-element_type=\"column\" data-settings=\"{&quot;background_background&quot;:&quot;classic&quot;}\">\n\t\t\t<div class=\"elementor-widget-wrap elementor-element-populated\">\n\t\t\t\t\t\t<div class=\"elementor-element elementor-element-7cfbcb0a elementor-widget elementor-widget-image\" data-id=\"7cfbcb0a\" data-element_type=\"widget\" data-widget_type=\"image.default\">\n\t\t\t\t<div class=\"elementor-widget-container\">\n\t\t\t\t\t\t\t\t\t\t\t\t\t\t\t<img fetchpriority=\"high\" decoding=\"async\" width=\"800\" height=\"94\" src=\"https:\/\/polartek.fi\/wp-content\/uploads\/2022\/01\/Polartek_etusivu_palkki-1024x120.png\" class=\"attachment-large size-large wp-image-25\" alt=\"\" srcset=\"https:\/\/polartek.fi\/wp-content\/uploads\/2022\/01\/Polartek_etusivu_palkki-1024x120.png 1024w, https:\/\/polartek.fi\/wp-content\/uploads\/2022\/01\/Polartek_etusivu_palkki-300x35.png 300w, https:\/\/polartek.fi\/wp-content\/uploads\/2022\/01\/Polartek_etusivu_palkki-768x90.png 768w, https:\/\/polartek.fi\/wp-content\/uploads\/2022\/01\/Polartek_etusivu_palkki.png 1212w\" sizes=\"(max-width: 800px) 100vw, 800px\" \/>\t\t\t\t\t\t\t\t\t\t\t\t\t\t\t<\/div>\n\t\t\t\t<\/div>\n\t\t\t\t\t<\/div>\n\t\t<\/div>\n\t\t\t\t\t<\/div>\n\t\t<\/section>\n\t\t\t\t<section class=\"elementor-section elementor-top-section elementor-element elementor-element-359abbf6 elementor-section-boxed elementor-section-height-default elementor-section-height-default\" data-id=\"359abbf6\" data-element_type=\"section\">\n\t\t\t\t\t\t<div class=\"elementor-container elementor-column-gap-default\">\n\t\t\t\t\t<div class=\"elementor-column elementor-col-100 elementor-top-column elementor-element elementor-element-358328ed\" data-id=\"358328ed\" data-element_type=\"column\">\n\t\t\t<div class=\"elementor-widget-wrap elementor-element-populated\">\n\t\t\t\t\t\t<div class=\"elementor-element elementor-element-3046cc33 elementor-widget elementor-widget-text-editor\" data-id=\"3046cc33\" data-element_type=\"widget\" data-widget_type=\"text-editor.default\">\n\t\t\t\t<div class=\"elementor-widget-container\">\n\t\t\t\t\t\t\t\t\t<p>Our factory and power plant engineering services are composed of many smaller engineering sectors. Our expertise includes for example: industrial piping engineering, machinery and steel structure engineering and strength analysis of pressure vessels and piping based on PED\/EN and ASME standards.<\/p>\t\t\t\t\t\t\t\t<\/div>\n\t\t\t\t<\/div>\n\t\t\t\t<div class=\"elementor-element elementor-element-384d2417 elementor-widget elementor-widget-text-editor\" data-id=\"384d2417\" data-element_type=\"widget\" data-widget_type=\"text-editor.default\">\n\t\t\t\t<div class=\"elementor-widget-container\">\n\t\t\t\t\t\t\t\t\t<p>Our experienced engineers will keep the functionality of the target facility in mind, and we always strive to find solutions that maximize efficiency of production.<\/p>\t\t\t\t\t\t\t\t<\/div>\n\t\t\t\t<\/div>\n\t\t\t\t<div class=\"elementor-element elementor-element-b01c871 elementor-widget elementor-widget-text-editor\" data-id=\"b01c871\" data-element_type=\"widget\" data-widget_type=\"text-editor.default\">\n\t\t\t\t<div class=\"elementor-widget-container\">\n\t\t\t\t\t\t\t\t\t<h4>Our design work includes:<\/h4>\t\t\t\t\t\t\t\t<\/div>\n\t\t\t\t<\/div>\n\t\t\t\t<div class=\"elementor-element elementor-element-a370ece vaihe-lista elementor-widget elementor-widget-text-editor\" data-id=\"a370ece\" data-element_type=\"widget\" data-widget_type=\"text-editor.default\">\n\t\t\t\t<div class=\"elementor-widget-container\">\n\t\t\t\t\t\t\t\t\t<ul><li>process engineering<\/li><li>steel structure engineering<\/li><li>piping engineering<\/li><li>profitability calculations<\/li><li>layout engineering<\/li><li>machine engineering<\/li><li>HVAC engineering<\/li><li>preventive maintenance<\/li><\/ul>\t\t\t\t\t\t\t\t<\/div>\n\t\t\t\t<\/div>\n\t\t\t\t\t<\/div>\n\t\t<\/div>\n\t\t\t\t\t<\/div>\n\t\t<\/section>\n\t\t\t\t<section class=\"elementor-section elementor-top-section elementor-element elementor-element-4e1553d0 elementor-section-full_width elementor-reverse-tablet elementor-reverse-mobile elementor-section-height-default elementor-section-height-default\" data-id=\"4e1553d0\" data-element_type=\"section\" data-settings=\"{&quot;background_background&quot;:&quot;classic&quot;}\">\n\t\t\t\t\t\t<div class=\"elementor-container elementor-column-gap-default\">\n\t\t\t\t\t<div class=\"elementor-column elementor-col-50 elementor-top-column elementor-element elementor-element-7fb3ca84\" data-id=\"7fb3ca84\" data-element_type=\"column\" data-settings=\"{&quot;background_background&quot;:&quot;classic&quot;}\">\n\t\t\t<div class=\"elementor-widget-wrap elementor-element-populated\">\n\t\t\t\t\t\t<div class=\"elementor-element elementor-element-3482f0f5 elementor-widget elementor-widget-heading\" data-id=\"3482f0f5\" data-element_type=\"widget\" data-no-translation=\"\" data-widget_type=\"heading.default\">\n\t\t\t\t<div class=\"elementor-widget-container\">\n\t\t\t\t\t<style>.elementor-element-3482f0f5{display:none !important}<\/style>\t\t\t\t<\/div>\n\t\t\t\t<\/div>\n\t\t\t\t<div class=\"elementor-element elementor-element-4c4eb00 elementor-widget elementor-widget-heading\" data-id=\"4c4eb00\" data-element_type=\"widget\" data-no-translation=\"\" data-widget_type=\"heading.default\">\n\t\t\t\t<div class=\"elementor-widget-container\">\n\t\t\t\t\t<h4 class=\"elementor-heading-title elementor-size-default\">Do you have a project coming up?<\/h4>\t\t\t\t<\/div>\n\t\t\t\t<\/div>\n\t\t\t\t<div class=\"elementor-element elementor-element-68bc46b6 elementor-widget elementor-widget-text-editor\" data-id=\"68bc46b6\" data-element_type=\"widget\" data-widget_type=\"text-editor.default\">\n\t\t\t\t<div class=\"elementor-widget-container\">\n\t\t\t\t\t\t\t\t\t<p>Contact us and let\u2019s discuss further!<\/p>\t\t\t\t\t\t\t\t<\/div>\n\t\t\t\t<\/div>\n\t\t\t\t<div class=\"elementor-element elementor-element-6a52e30 elementor-align-center elementor-mobile-align-center elementor-widget elementor-widget-button\" data-id=\"6a52e30\" data-element_type=\"widget\" data-widget_type=\"button.default\">\n\t\t\t\t<div class=\"elementor-widget-container\">\n\t\t\t\t\t\t\t\t\t<div class=\"elementor-button-wrapper\">\n\t\t\t\t\t<a class=\"elementor-button elementor-button-link elementor-size-sm\" href=\"http:\/\/polartek.fi\/en\/yhteys\/\">\n\t\t\t\t\t\t<span class=\"elementor-button-content-wrapper\">\n\t\t\t\t\t\t\t\t\t<span class=\"elementor-button-text\">Contact us<\/span>\n\t\t\t\t\t<\/span>\n\t\t\t\t\t<\/a>\n\t\t\t\t<\/div>\n\t\t\t\t\t\t\t\t<\/div>\n\t\t\t\t<\/div>\n\t\t\t\t\t<\/div>\n\t\t<\/div>\n\t\t\t\t<div class=\"elementor-column elementor-col-50 elementor-top-column elementor-element elementor-element-42eb95ad\" data-id=\"42eb95ad\" data-element_type=\"column\" data-settings=\"{&quot;background_background&quot;:&quot;classic&quot;}\">\n\t\t\t<div class=\"elementor-widget-wrap elementor-element-populated\">\n\t\t\t\t\t\t<div class=\"elementor-element elementor-element-4011b7c0 elementor-widget elementor-widget-spacer\" data-id=\"4011b7c0\" data-element_type=\"widget\" data-widget_type=\"spacer.default\">\n\t\t\t\t<div class=\"elementor-widget-container\">\n\t\t\t\t\t\t\t<div class=\"elementor-spacer\">\n\t\t\t<div class=\"elementor-spacer-inner\"><\/div>\n\t\t<\/div>\n\t\t\t\t\t\t<\/div>\n\t\t\t\t<\/div>\n\t\t\t\t\t<\/div>\n\t\t<\/div>\n\t\t\t\t\t<\/div>\n\t\t<\/section>\n\t\t\t\t<\/div>","protected":false},"excerpt":{"rendered":"<p>Tehdas &#8211; javoimalaitos-suunnittelu Laadukkaat tehdas- ja voimalaitossuunnittelun palvelut Ota yhteytt\u00e4 Tehdas- ja voimalaitossuunnittelun palvelumme kattavat useita laitossuunnittelun osa-alueita. Osaamisalueisiimme kuuluu muun muassa teollisuuden putkisto-, laite- ja ter\u00e4srakennesuunnittelu sek\u00e4 painelaitteiden ja putkistojen lujuuslaskenta PED\/EN- ja ASME-normien mukaan. Meilt\u00e4 hoituvat my\u00f6s putkistojen joustavuusanalyysit. Suunnitteluty\u00f6ss\u00e4mme otamme huomioon laitoskokonaisuuden toimivuuden ja pyrimme ratkaisuihin, jotka maksimoivat tuotantotehokkuuden. Toteutamme esimerkiksi seuraavia [&hellip;]<\/p>","protected":false},"author":1,"featured_media":0,"parent":0,"menu_order":0,"comment_status":"closed","ping_status":"closed","template":"","meta":{"footnotes":""},"class_list":["post-213","page","type-page","status-publish","hentry"],"yoast_head":"<!-- This site is optimized with the Yoast SEO plugin v24.2 - https:\/\/yoast.com\/wordpress\/plugins\/seo\/ -->\n<title>Tehdas - ja voimalaitossuunnittelu - Polartek<\/title>\n<meta name=\"description\" content=\"Tehdas- ja voimalaitossuunnittelun palvelumme kattavat useita laitossuunnittelun osa-alueita.\" \/>\n<meta name=\"robots\" content=\"index, follow, max-snippet:-1, max-image-preview:large, max-video-preview:-1\" \/>\n<link rel=\"canonical\" href=\"https:\/\/polartek.fi\/en\/tehdas-ja-voimalaitossuunnittelu\/\" \/>\n<meta property=\"og:locale\" content=\"en_US\" \/>\n<meta property=\"og:type\" content=\"article\" \/>\n<meta property=\"og:title\" content=\"Tehdas - ja voimalaitossuunnittelu - Polartek\" \/>\n<meta property=\"og:description\" content=\"Tehdas- ja voimalaitossuunnittelun palvelumme kattavat useita laitossuunnittelun osa-alueita.\" \/>\n<meta property=\"og:url\" content=\"https:\/\/polartek.fi\/en\/tehdas-ja-voimalaitossuunnittelu\/\" \/>\n<meta property=\"og:site_name\" content=\"Polartek\" \/>\n<meta property=\"article:modified_time\" content=\"2022-02-09T12:12:07+00:00\" \/>\n<meta property=\"og:image\" content=\"https:\/\/polartek.fi\/wp-content\/uploads\/2022\/01\/Polartek_etusivu_palkki-1024x120.png\" \/>\n<meta name=\"twitter:card\" content=\"summary_large_image\" \/>\n<meta name=\"twitter:label1\" content=\"Est. reading time\" \/>\n\t<meta name=\"twitter:data1\" content=\"1 minute\" \/>\n<script type=\"application\/ld+json\" class=\"yoast-schema-graph\">{\"@context\":\"https:\/\/schema.org\",\"@graph\":[{\"@type\":\"WebPage\",\"@id\":\"https:\/\/polartek.fi\/tehdas-ja-voimalaitossuunnittelu\/\",\"url\":\"https:\/\/polartek.fi\/tehdas-ja-voimalaitossuunnittelu\/\",\"name\":\"Tehdas - ja voimalaitossuunnittelu - Polartek\",\"isPartOf\":{\"@id\":\"https:\/\/polartek.fi\/#website\"},\"primaryImageOfPage\":{\"@id\":\"https:\/\/polartek.fi\/tehdas-ja-voimalaitossuunnittelu\/#primaryimage\"},\"image\":{\"@id\":\"https:\/\/polartek.fi\/tehdas-ja-voimalaitossuunnittelu\/#primaryimage\"},\"thumbnailUrl\":\"https:\/\/polartek.fi\/wp-content\/uploads\/2022\/01\/Polartek_etusivu_palkki-1024x120.png\",\"datePublished\":\"2022-01-24T12:16:09+00:00\",\"dateModified\":\"2022-02-09T12:12:07+00:00\",\"description\":\"Tehdas- ja voimalaitossuunnittelun palvelumme kattavat useita laitossuunnittelun osa-alueita.\",\"breadcrumb\":{\"@id\":\"https:\/\/polartek.fi\/tehdas-ja-voimalaitossuunnittelu\/#breadcrumb\"},\"inLanguage\":\"en-US\",\"potentialAction\":[{\"@type\":\"ReadAction\",\"target\":[\"https:\/\/polartek.fi\/tehdas-ja-voimalaitossuunnittelu\/\"]}]},{\"@type\":\"ImageObject\",\"inLanguage\":\"en-US\",\"@id\":\"https:\/\/polartek.fi\/tehdas-ja-voimalaitossuunnittelu\/#primaryimage\",\"url\":\"https:\/\/polartek.fi\/wp-content\/uploads\/2022\/01\/Polartek_etusivu_palkki-1024x120.png\",\"contentUrl\":\"https:\/\/polartek.fi\/wp-content\/uploads\/2022\/01\/Polartek_etusivu_palkki-1024x120.png\"},{\"@type\":\"BreadcrumbList\",\"@id\":\"https:\/\/polartek.fi\/tehdas-ja-voimalaitossuunnittelu\/#breadcrumb\",\"itemListElement\":[{\"@type\":\"ListItem\",\"position\":1,\"name\":\"Etusivu\",\"item\":\"https:\/\/polartek.fi\/\"},{\"@type\":\"ListItem\",\"position\":2,\"name\":\"Tehdas &#8211; ja voimalaitossuunnittelu\"}]},{\"@type\":\"WebSite\",\"@id\":\"https:\/\/polartek.fi\/#website\",\"url\":\"https:\/\/polartek.fi\/\",\"name\":\"Polartek\",\"description\":\"\",\"publisher\":{\"@id\":\"https:\/\/polartek.fi\/#organization\"},\"potentialAction\":[{\"@type\":\"SearchAction\",\"target\":{\"@type\":\"EntryPoint\",\"urlTemplate\":\"https:\/\/polartek.fi\/?s={search_term_string}\"},\"query-input\":{\"@type\":\"PropertyValueSpecification\",\"valueRequired\":true,\"valueName\":\"search_term_string\"}}],\"inLanguage\":\"en-US\"},{\"@type\":\"Organization\",\"@id\":\"https:\/\/polartek.fi\/#organization\",\"name\":\"Insin\u00f6\u00f6ritoimisto Polartek Oy\",\"url\":\"https:\/\/polartek.fi\/\",\"logo\":{\"@type\":\"ImageObject\",\"inLanguage\":\"en-US\",\"@id\":\"https:\/\/polartek.fi\/#\/schema\/logo\/image\/\",\"url\":\"http:\/\/inweb548537.grid1.customers.inhosting.fi\/wp-content\/uploads\/2022\/01\/Polartek_Logo.png\",\"contentUrl\":\"http:\/\/inweb548537.grid1.customers.inhosting.fi\/wp-content\/uploads\/2022\/01\/Polartek_Logo.png\",\"width\":252,\"height\":51,\"caption\":\"Insin\u00f6\u00f6ritoimisto Polartek Oy\"},\"image\":{\"@id\":\"https:\/\/polartek.fi\/#\/schema\/logo\/image\/\"}}]}<\/script>\n<!-- \/ Yoast SEO plugin. -->","yoast_head_json":{"title":"Tehdas - ja voimalaitossuunnittelu - Polartek","description":"Tehdas- ja voimalaitossuunnittelun palvelumme kattavat useita laitossuunnittelun osa-alueita.","robots":{"index":"index","follow":"follow","max-snippet":"max-snippet:-1","max-image-preview":"max-image-preview:large","max-video-preview":"max-video-preview:-1"},"canonical":"https:\/\/polartek.fi\/en\/tehdas-ja-voimalaitossuunnittelu\/","og_locale":"en_US","og_type":"article","og_title":"Tehdas - ja voimalaitossuunnittelu - Polartek","og_description":"Tehdas- ja voimalaitossuunnittelun palvelumme kattavat useita laitossuunnittelun osa-alueita.","og_url":"https:\/\/polartek.fi\/en\/tehdas-ja-voimalaitossuunnittelu\/","og_site_name":"Polartek","article_modified_time":"2022-02-09T12:12:07+00:00","og_image":[{"url":"https:\/\/polartek.fi\/wp-content\/uploads\/2022\/01\/Polartek_etusivu_palkki-1024x120.png","type":"","width":"","height":""}],"twitter_card":"summary_large_image","twitter_misc":{"Est. reading time":"1 minute"},"schema":{"@context":"https:\/\/schema.org","@graph":[{"@type":"WebPage","@id":"https:\/\/polartek.fi\/tehdas-ja-voimalaitossuunnittelu\/","url":"https:\/\/polartek.fi\/tehdas-ja-voimalaitossuunnittelu\/","name":"Tehdas - ja voimalaitossuunnittelu - Polartek","isPartOf":{"@id":"https:\/\/polartek.fi\/#website"},"primaryImageOfPage":{"@id":"https:\/\/polartek.fi\/tehdas-ja-voimalaitossuunnittelu\/#primaryimage"},"image":{"@id":"https:\/\/polartek.fi\/tehdas-ja-voimalaitossuunnittelu\/#primaryimage"},"thumbnailUrl":"https:\/\/polartek.fi\/wp-content\/uploads\/2022\/01\/Polartek_etusivu_palkki-1024x120.png","datePublished":"2022-01-24T12:16:09+00:00","dateModified":"2022-02-09T12:12:07+00:00","description":"Tehdas- ja voimalaitossuunnittelun palvelumme kattavat useita laitossuunnittelun osa-alueita.","breadcrumb":{"@id":"https:\/\/polartek.fi\/tehdas-ja-voimalaitossuunnittelu\/#breadcrumb"},"inLanguage":"en-US","potentialAction":[{"@type":"ReadAction","target":["https:\/\/polartek.fi\/tehdas-ja-voimalaitossuunnittelu\/"]}]},{"@type":"ImageObject","inLanguage":"en-US","@id":"https:\/\/polartek.fi\/tehdas-ja-voimalaitossuunnittelu\/#primaryimage","url":"https:\/\/polartek.fi\/wp-content\/uploads\/2022\/01\/Polartek_etusivu_palkki-1024x120.png","contentUrl":"https:\/\/polartek.fi\/wp-content\/uploads\/2022\/01\/Polartek_etusivu_palkki-1024x120.png"},{"@type":"BreadcrumbList","@id":"https:\/\/polartek.fi\/tehdas-ja-voimalaitossuunnittelu\/#breadcrumb","itemListElement":[{"@type":"ListItem","position":1,"name":"Etusivu","item":"https:\/\/polartek.fi\/"},{"@type":"ListItem","position":2,"name":"Tehdas &#8211; ja voimalaitossuunnittelu"}]},{"@type":"WebSite","@id":"https:\/\/polartek.fi\/#website","url":"https:\/\/polartek.fi\/","name":"Polartek","description":"","publisher":{"@id":"https:\/\/polartek.fi\/#organization"},"potentialAction":[{"@type":"SearchAction","target":{"@type":"EntryPoint","urlTemplate":"https:\/\/polartek.fi\/?s={search_term_string}"},"query-input":{"@type":"PropertyValueSpecification","valueRequired":true,"valueName":"search_term_string"}}],"inLanguage":"en-US"},{"@type":"Organization","@id":"https:\/\/polartek.fi\/#organization","name":"Insin\u00f6\u00f6ritoimisto Polartek Oy","url":"https:\/\/polartek.fi\/","logo":{"@type":"ImageObject","inLanguage":"en-US","@id":"https:\/\/polartek.fi\/#\/schema\/logo\/image\/","url":"http:\/\/inweb548537.grid1.customers.inhosting.fi\/wp-content\/uploads\/2022\/01\/Polartek_Logo.png","contentUrl":"http:\/\/inweb548537.grid1.customers.inhosting.fi\/wp-content\/uploads\/2022\/01\/Polartek_Logo.png","width":252,"height":51,"caption":"Insin\u00f6\u00f6ritoimisto Polartek Oy"},"image":{"@id":"https:\/\/polartek.fi\/#\/schema\/logo\/image\/"}}]}},"_links":{"self":[{"href":"https:\/\/polartek.fi\/en\/wp-json\/wp\/v2\/pages\/213","targetHints":{"allow":["GET"]}}],"collection":[{"href":"https:\/\/polartek.fi\/en\/wp-json\/wp\/v2\/pages"}],"about":[{"href":"https:\/\/polartek.fi\/en\/wp-json\/wp\/v2\/types\/page"}],"author":[{"embeddable":true,"href":"https:\/\/polartek.fi\/en\/wp-json\/wp\/v2\/users\/1"}],"replies":[{"embeddable":true,"href":"https:\/\/polartek.fi\/en\/wp-json\/wp\/v2\/comments?post=213"}],"version-history":[{"count":38,"href":"https:\/\/polartek.fi\/en\/wp-json\/wp\/v2\/pages\/213\/revisions"}],"predecessor-version":[{"id":784,"href":"https:\/\/polartek.fi\/en\/wp-json\/wp\/v2\/pages\/213\/revisions\/784"}],"wp:attachment":[{"href":"https:\/\/polartek.fi\/en\/wp-json\/wp\/v2\/media?parent=213"}],"curies":[{"name":"wp","href":"https:\/\/api.w.org\/{rel}","templated":true}]}}