{"id":221,"date":"2022-01-24T14:19:57","date_gmt":"2022-01-24T12:19:57","guid":{"rendered":"http:\/\/inweb548537.grid1.customers.inhosting.fi\/?page_id=221"},"modified":"2022-02-09T14:12:44","modified_gmt":"2022-02-09T12:12:44","slug":"sahko-ja-automaatiosuunnittelu","status":"publish","type":"page","link":"https:\/\/polartek.fi\/en\/sahko-ja-automaatiosuunnittelu\/","title":{"rendered":"Electrical and automation engineering"},"content":{"rendered":"<div data-elementor-type=\"wp-page\" data-elementor-id=\"221\" class=\"elementor elementor-221\">\n\t\t\t\t\t\t<section class=\"elementor-section elementor-top-section elementor-element elementor-element-6ff84240 elementor-section-full_width elementor-section-height-min-height elementor-section-height-default elementor-section-items-middle\" data-id=\"6ff84240\" data-element_type=\"section\" data-settings=\"{&quot;background_background&quot;:&quot;classic&quot;}\">\n\t\t\t\t\t\t<div class=\"elementor-container elementor-column-gap-default\">\n\t\t\t\t\t<div class=\"elementor-column elementor-col-100 elementor-top-column elementor-element elementor-element-47d6984e\" data-id=\"47d6984e\" data-element_type=\"column\">\n\t\t\t<div class=\"elementor-widget-wrap elementor-element-populated\">\n\t\t\t\t\t\t<section class=\"elementor-section elementor-inner-section elementor-element elementor-element-2d3fb3c6 elementor-section-full_width elementor-section-height-default elementor-section-height-default\" data-id=\"2d3fb3c6\" data-element_type=\"section\">\n\t\t\t\t\t\t<div class=\"elementor-container elementor-column-gap-default\">\n\t\t\t\t\t<div class=\"elementor-column elementor-col-100 elementor-inner-column elementor-element elementor-element-76c8cb6e\" data-id=\"76c8cb6e\" data-element_type=\"column\">\n\t\t\t<div class=\"elementor-widget-wrap elementor-element-populated\">\n\t\t\t\t\t\t<div class=\"elementor-element elementor-element-48b09663 elementor-widget elementor-widget-heading\" data-id=\"48b09663\" data-element_type=\"widget\" data-widget_type=\"heading.default\">\n\t\t\t\t<div class=\"elementor-widget-container\">\n\t\t\t\t\t<h1 class=\"elementor-heading-title elementor-size-default\">Electrical and<br>automation<br>engineering<\/h1>\t\t\t\t<\/div>\n\t\t\t\t<\/div>\n\t\t\t\t<div class=\"elementor-element elementor-element-5b24d17f elementor-widget elementor-widget-text-editor\" data-id=\"5b24d17f\" data-element_type=\"widget\" data-widget_type=\"text-editor.default\">\n\t\t\t\t<div class=\"elementor-widget-container\">\n\t\t\t\t\t\t\t\t\t<p>Wide array of electrical and automation engineering services<\/p>\t\t\t\t\t\t\t\t<\/div>\n\t\t\t\t<\/div>\n\t\t\t\t<div class=\"elementor-element elementor-element-15cb8f elementor-align-left elementor-tablet-align-center elementor-widget elementor-widget-button\" data-id=\"15cb8f\" data-element_type=\"widget\" data-widget_type=\"button.default\">\n\t\t\t\t<div class=\"elementor-widget-container\">\n\t\t\t\t\t\t\t\t\t<div class=\"elementor-button-wrapper\">\n\t\t\t\t\t<a class=\"elementor-button elementor-button-link elementor-size-sm\" href=\"http:\/\/polartek.fi\/en\/yhteys\/\">\n\t\t\t\t\t\t<span class=\"elementor-button-content-wrapper\">\n\t\t\t\t\t\t\t\t\t<span class=\"elementor-button-text\">Contact us<\/span>\n\t\t\t\t\t<\/span>\n\t\t\t\t\t<\/a>\n\t\t\t\t<\/div>\n\t\t\t\t\t\t\t\t<\/div>\n\t\t\t\t<\/div>\n\t\t\t\t\t<\/div>\n\t\t<\/div>\n\t\t\t\t\t<\/div>\n\t\t<\/section>\n\t\t\t\t\t<\/div>\n\t\t<\/div>\n\t\t\t\t\t<\/div>\n\t\t<\/section>\n\t\t\t\t<section class=\"elementor-section elementor-top-section elementor-element elementor-element-49a50e01 elementor-section-full_width elementor-section-height-default elementor-section-height-default\" data-id=\"49a50e01\" data-element_type=\"section\">\n\t\t\t\t\t\t<div class=\"elementor-container elementor-column-gap-default\">\n\t\t\t\t\t<div class=\"elementor-column elementor-col-50 elementor-top-column elementor-element elementor-element-2a415103\" data-id=\"2a415103\" data-element_type=\"column\" data-settings=\"{&quot;background_background&quot;:&quot;classic&quot;}\">\n\t\t\t<div class=\"elementor-widget-wrap\">\n\t\t\t\t\t\t\t<\/div>\n\t\t<\/div>\n\t\t\t\t<div class=\"elementor-column elementor-col-50 elementor-top-column elementor-element elementor-element-214a67dc\" data-id=\"214a67dc\" data-element_type=\"column\" data-settings=\"{&quot;background_background&quot;:&quot;classic&quot;}\">\n\t\t\t<div class=\"elementor-widget-wrap elementor-element-populated\">\n\t\t\t\t\t\t<div class=\"elementor-element elementor-element-19f586bc elementor-widget elementor-widget-image\" data-id=\"19f586bc\" data-element_type=\"widget\" data-widget_type=\"image.default\">\n\t\t\t\t<div class=\"elementor-widget-container\">\n\t\t\t\t\t\t\t\t\t\t\t\t\t\t\t<img fetchpriority=\"high\" decoding=\"async\" width=\"800\" height=\"94\" src=\"https:\/\/polartek.fi\/wp-content\/uploads\/2022\/01\/Polartek_etusivu_palkki-1024x120.png\" class=\"attachment-large size-large wp-image-25\" alt=\"\" srcset=\"https:\/\/polartek.fi\/wp-content\/uploads\/2022\/01\/Polartek_etusivu_palkki-1024x120.png 1024w, https:\/\/polartek.fi\/wp-content\/uploads\/2022\/01\/Polartek_etusivu_palkki-300x35.png 300w, https:\/\/polartek.fi\/wp-content\/uploads\/2022\/01\/Polartek_etusivu_palkki-768x90.png 768w, https:\/\/polartek.fi\/wp-content\/uploads\/2022\/01\/Polartek_etusivu_palkki.png 1212w\" sizes=\"(max-width: 800px) 100vw, 800px\" \/>\t\t\t\t\t\t\t\t\t\t\t\t\t\t\t<\/div>\n\t\t\t\t<\/div>\n\t\t\t\t\t<\/div>\n\t\t<\/div>\n\t\t\t\t\t<\/div>\n\t\t<\/section>\n\t\t\t\t<section class=\"elementor-section elementor-top-section elementor-element elementor-element-7d031d54 elementor-section-boxed elementor-section-height-default elementor-section-height-default\" data-id=\"7d031d54\" data-element_type=\"section\">\n\t\t\t\t\t\t<div class=\"elementor-container elementor-column-gap-default\">\n\t\t\t\t\t<div class=\"elementor-column elementor-col-100 elementor-top-column elementor-element elementor-element-585cbe3b\" data-id=\"585cbe3b\" data-element_type=\"column\">\n\t\t\t<div class=\"elementor-widget-wrap elementor-element-populated\">\n\t\t\t\t\t\t<div class=\"elementor-element elementor-element-757923fe elementor-widget elementor-widget-text-editor\" data-id=\"757923fe\" data-element_type=\"widget\" data-widget_type=\"text-editor.default\">\n\t\t\t\t<div class=\"elementor-widget-container\">\n\t\t\t\t\t\t\t\t\t<p>We offer electrical and automation engineering services to many industrial sectors and fields, including steel industry, paper and pulp industry, chemicals industry and mining industry. Additionally, we offer engineering, programming, implementation, and development services for machinery manufacturers.<\/p><p>We also do renewal and renovation works in the fields of electrification, automation, and logic, including implementation.<\/p><p>Our automation engineers are well versed in different process control systems and logics.<\/p>\t\t\t\t\t\t\t\t<\/div>\n\t\t\t\t<\/div>\n\t\t\t\t<div class=\"elementor-element elementor-element-b6bc593 elementor-widget elementor-widget-heading\" data-id=\"b6bc593\" data-element_type=\"widget\" data-widget_type=\"heading.default\">\n\t\t\t\t<div class=\"elementor-widget-container\">\n\t\t\t\t\t<h3 class=\"elementor-heading-title elementor-size-default\">Electrical engineering<span style=\"color:#0f73b7\">.<\/span><\/h3>\t\t\t\t<\/div>\n\t\t\t\t<\/div>\n\t\t\t\t<div class=\"elementor-element elementor-element-b02f36c elementor-widget elementor-widget-text-editor\" data-id=\"b02f36c\" data-element_type=\"widget\" data-widget_type=\"text-editor.default\">\n\t\t\t\t<div class=\"elementor-widget-container\">\n\t\t\t\t\t\t\t\t\t<p>We mainly offer electrical engineering for industrial needs but can also work in the construction sector. With our engineering work we ensure maximal efficiency for our customers. We also do electrical engineering for spaces and facilities that require compliance with the ATEX directives.<\/p>\t\t\t\t\t\t\t\t<\/div>\n\t\t\t\t<\/div>\n\t\t\t\t<div class=\"elementor-element elementor-element-18abbde elementor-widget elementor-widget-heading\" data-id=\"18abbde\" data-element_type=\"widget\" data-widget_type=\"heading.default\">\n\t\t\t\t<div class=\"elementor-widget-container\">\n\t\t\t\t\t<h3 class=\"elementor-heading-title elementor-size-default\">Automation engineering<span style=\"color:#0f73b7\">.<\/span><\/h3>\t\t\t\t<\/div>\n\t\t\t\t<\/div>\n\t\t\t\t<div class=\"elementor-element elementor-element-b499866 elementor-widget elementor-widget-text-editor\" data-id=\"b499866\" data-element_type=\"widget\" data-widget_type=\"text-editor.default\">\n\t\t\t\t<div class=\"elementor-widget-container\">\n\t\t\t\t\t\t\t\t\t<p>Our automation engineering mainly focuses on industrial needs. We offer high quality process automation and machine automation. We also do programming for DCS systems and logic and PLC systems.<\/p>\t\t\t\t\t\t\t\t<\/div>\n\t\t\t\t<\/div>\n\t\t\t\t\t<\/div>\n\t\t<\/div>\n\t\t\t\t\t<\/div>\n\t\t<\/section>\n\t\t\t\t<section class=\"elementor-section elementor-top-section elementor-element elementor-element-145e091 elementor-section-boxed elementor-section-height-default elementor-section-height-default\" data-id=\"145e091\" data-element_type=\"section\">\n\t\t\t\t\t\t<div class=\"elementor-container elementor-column-gap-default\">\n\t\t\t\t\t<div class=\"elementor-column elementor-col-100 elementor-top-column elementor-element elementor-element-45b0fce\" data-id=\"45b0fce\" data-element_type=\"column\">\n\t\t\t<div class=\"elementor-widget-wrap elementor-element-populated\">\n\t\t\t\t\t\t<div class=\"elementor-element elementor-element-0f82114 elementor-widget elementor-widget-heading\" data-id=\"0f82114\" data-element_type=\"widget\" data-widget_type=\"heading.default\">\n\t\t\t\t<div class=\"elementor-widget-container\">\n\t\t\t\t\t<h3 class=\"elementor-heading-title elementor-size-default\">Emphasis on high quality<span style=\"color:#0f73b7\">.<\/span><\/h3>\t\t\t\t<\/div>\n\t\t\t\t<\/div>\n\t\t\t\t<div class=\"elementor-element elementor-element-1da2fef elementor-widget elementor-widget-text-editor\" data-id=\"1da2fef\" data-element_type=\"widget\" data-widget_type=\"text-editor.default\">\n\t\t\t\t<div class=\"elementor-widget-container\">\n\t\t\t\t\t\t\t\t\t<p>Whether it is electrical or automation engineering you require, our work often directly affects the productivity of the target facility. Therefore, security of supply, innovative engineering and reliable scheduling are of utmost importance. We provide top quality in both our engineering and the components we choose. We also ensure that when the project is finished, our customer\u2019s production can run with high quality and without failure.<\/p>\t\t\t\t\t\t\t\t<\/div>\n\t\t\t\t<\/div>\n\t\t\t\t<div class=\"elementor-element elementor-element-544550d elementor-widget elementor-widget-text-editor\" data-id=\"544550d\" data-element_type=\"widget\" data-widget_type=\"text-editor.default\">\n\t\t\t\t<div class=\"elementor-widget-container\">\n\t\t\t\t\t\t\t\t\t<h4>Our electrical and automation engineering work includes:<\/h4>\t\t\t\t\t\t\t\t<\/div>\n\t\t\t\t<\/div>\n\t\t\t\t<section class=\"elementor-section elementor-inner-section elementor-element elementor-element-836e9a4 elementor-section-boxed elementor-section-height-default elementor-section-height-default\" data-id=\"836e9a4\" data-element_type=\"section\">\n\t\t\t\t\t\t<div class=\"elementor-container elementor-column-gap-default\">\n\t\t\t\t\t<div class=\"elementor-column elementor-col-50 elementor-inner-column elementor-element elementor-element-c05ea47\" data-id=\"c05ea47\" data-element_type=\"column\">\n\t\t\t<div class=\"elementor-widget-wrap elementor-element-populated\">\n\t\t\t\t\t\t<div class=\"elementor-element elementor-element-b752eed vaihe-lista elementor-hidden-mobile elementor-widget elementor-widget-text-editor\" data-id=\"b752eed\" data-element_type=\"widget\" data-widget_type=\"text-editor.default\">\n\t\t\t\t<div class=\"elementor-widget-container\">\n\t\t\t\t\t\t\t\t\t<ul><li>projection<\/li><li>Electrical engineering<\/li><li>Automation engineering<\/li><li>SRS<\/li><li>risk assessment<\/li><li>instrumentation engineering<\/li><li>project management<\/li><\/ul>\t\t\t\t\t\t\t\t<\/div>\n\t\t\t\t<\/div>\n\t\t\t\t\t<\/div>\n\t\t<\/div>\n\t\t\t\t<div class=\"elementor-column elementor-col-50 elementor-inner-column elementor-element elementor-element-949735a\" data-id=\"949735a\" data-element_type=\"column\">\n\t\t\t<div class=\"elementor-widget-wrap elementor-element-populated\">\n\t\t\t\t\t\t<div class=\"elementor-element elementor-element-e64314e vaihe-lista elementor-hidden-mobile elementor-widget elementor-widget-text-editor\" data-id=\"e64314e\" data-element_type=\"widget\" data-widget_type=\"text-editor.default\">\n\t\t\t\t<div class=\"elementor-widget-container\">\n\t\t\t\t\t\t\t\t\t<ul><li>Installation supervision<\/li><li>preventive maintenance and spare parts<\/li><li>ATEX directive protected areas<\/li><li>electrical trace heating<\/li><li>measurements<\/li><li>DCS engineering<\/li><li>PLC engineering<\/li><\/ul>\t\t\t\t\t\t\t\t<\/div>\n\t\t\t\t<\/div>\n\t\t\t\t<div class=\"elementor-element elementor-element-eaba820 vaihe-lista elementor-hidden-widescreen elementor-hidden-desktop elementor-hidden-laptop elementor-hidden-tablet elementor-widget elementor-widget-text-editor\" data-id=\"eaba820\" data-element_type=\"widget\" data-widget_type=\"text-editor.default\">\n\t\t\t\t<div class=\"elementor-widget-container\">\n\t\t\t\t\t\t\t\t\t<ul><li>projection<\/li><li>Electrical engineering<\/li><li>Automation engineering<\/li><li>SRS<\/li><li>risk assessment<\/li><li>instrumentation engineering<\/li><li>project management<\/li><li>Installation supervision<\/li><li>preventive maintenance and spare parts<\/li><li>ATEX directive protected areas<\/li><li>electrical trace heating<\/li><li>measurements<\/li><li>DCS engineering<\/li><li>PLC engineering<\/li><\/ul>\t\t\t\t\t\t\t\t<\/div>\n\t\t\t\t<\/div>\n\t\t\t\t\t<\/div>\n\t\t<\/div>\n\t\t\t\t\t<\/div>\n\t\t<\/section>\n\t\t\t\t\t<\/div>\n\t\t<\/div>\n\t\t\t\t\t<\/div>\n\t\t<\/section>\n\t\t\t\t<section class=\"elementor-section elementor-top-section elementor-element elementor-element-4cb001 elementor-section-full_width elementor-reverse-tablet elementor-reverse-mobile elementor-section-height-default elementor-section-height-default\" data-id=\"4cb001\" data-element_type=\"section\" data-settings=\"{&quot;background_background&quot;:&quot;classic&quot;}\">\n\t\t\t\t\t\t<div class=\"elementor-container elementor-column-gap-default\">\n\t\t\t\t\t<div class=\"elementor-column elementor-col-50 elementor-top-column elementor-element elementor-element-31792c30\" data-id=\"31792c30\" data-element_type=\"column\" data-settings=\"{&quot;background_background&quot;:&quot;classic&quot;}\">\n\t\t\t<div class=\"elementor-widget-wrap elementor-element-populated\">\n\t\t\t\t\t\t<div class=\"elementor-element elementor-element-61719fbb elementor-widget elementor-widget-heading\" data-id=\"61719fbb\" data-element_type=\"widget\" data-widget_type=\"heading.default\">\n\t\t\t\t<div class=\"elementor-widget-container\">\n\t\t\t\t\t<h4 class=\"elementor-heading-title elementor-size-default\">Interested in our electrical and automation engineering services<span style=\"color:#0f73b7\">.<\/span><\/h4>\t\t\t\t<\/div>\n\t\t\t\t<\/div>\n\t\t\t\t<div class=\"elementor-element elementor-element-671faadd elementor-widget elementor-widget-text-editor\" data-id=\"671faadd\" data-element_type=\"widget\" data-widget_type=\"text-editor.default\">\n\t\t\t\t<div class=\"elementor-widget-container\">\n\t\t\t\t\t\t\t\t\t<p>Contact us and let\u2019s discuss further!<\/p>\t\t\t\t\t\t\t\t<\/div>\n\t\t\t\t<\/div>\n\t\t\t\t<div class=\"elementor-element elementor-element-7d5a73ad elementor-align-center elementor-mobile-align-center elementor-widget elementor-widget-button\" data-id=\"7d5a73ad\" data-element_type=\"widget\" data-widget_type=\"button.default\">\n\t\t\t\t<div class=\"elementor-widget-container\">\n\t\t\t\t\t\t\t\t\t<div class=\"elementor-button-wrapper\">\n\t\t\t\t\t<a class=\"elementor-button elementor-button-link elementor-size-sm\" href=\"http:\/\/polartek.fi\/en\/yhteys\/\">\n\t\t\t\t\t\t<span class=\"elementor-button-content-wrapper\">\n\t\t\t\t\t\t\t\t\t<span class=\"elementor-button-text\">Contact us<\/span>\n\t\t\t\t\t<\/span>\n\t\t\t\t\t<\/a>\n\t\t\t\t<\/div>\n\t\t\t\t\t\t\t\t<\/div>\n\t\t\t\t<\/div>\n\t\t\t\t\t<\/div>\n\t\t<\/div>\n\t\t\t\t<div class=\"elementor-column elementor-col-50 elementor-top-column elementor-element elementor-element-5c79ebc3\" data-id=\"5c79ebc3\" data-element_type=\"column\" data-settings=\"{&quot;background_background&quot;:&quot;classic&quot;}\">\n\t\t\t<div class=\"elementor-widget-wrap elementor-element-populated\">\n\t\t\t\t\t\t<div class=\"elementor-element elementor-element-7255dcea elementor-widget elementor-widget-spacer\" data-id=\"7255dcea\" data-element_type=\"widget\" data-widget_type=\"spacer.default\">\n\t\t\t\t<div class=\"elementor-widget-container\">\n\t\t\t\t\t\t\t<div class=\"elementor-spacer\">\n\t\t\t<div class=\"elementor-spacer-inner\"><\/div>\n\t\t<\/div>\n\t\t\t\t\t\t<\/div>\n\t\t\t\t<\/div>\n\t\t\t\t\t<\/div>\n\t\t<\/div>\n\t\t\t\t\t<\/div>\n\t\t<\/section>\n\t\t\t\t<\/div>","protected":false},"excerpt":{"rendered":"<p>S\u00e4hk\u00f6 &#8211; jaautomaatio-suunnittelu Monipuoliset s\u00e4hk\u00f6- ja automaatiosuunnittelun palvelut Ota yhteytt\u00e4 Teemme s\u00e4hk\u00f6- ja automaatiosuunnittelua pitk\u00e4ll\u00e4 kokemuksella laajasti eri kohteiden ja alojen tarpeisiin. Palvelemme esimerkiksi ter\u00e4steollisuutta, sellu- ja paperiteollisuutta, kemianteollisuutta ja kaivosteollisuutta. Lis\u00e4ksi tarjoamme suunnittelu-, ohjelmointi-, k\u00e4ytt\u00f6\u00f6notto- ja kehitt\u00e4mispalveluita kone- ja laitevalmistajille. Suoritamme my\u00f6s s\u00e4hk\u00f6istyksen, automaation sek\u00e4 logiikkojen uudistus- ja saneeraust\u00f6iden kokonaistoimitusteht\u00e4vi\u00e4 k\u00e4ytt\u00f6\u00f6nottoineen. Automaatiosuunnittelijamme hallitsevat useiden [&hellip;]<\/p>","protected":false},"author":1,"featured_media":0,"parent":0,"menu_order":0,"comment_status":"closed","ping_status":"closed","template":"","meta":{"footnotes":""},"class_list":["post-221","page","type-page","status-publish","hentry"],"yoast_head":"<!-- This site is optimized with the Yoast SEO plugin v24.2 - https:\/\/yoast.com\/wordpress\/plugins\/seo\/ -->\n<title>S\u00e4hk\u00f6- ja automaatiosuunnittelu - Polartek<\/title>\n<meta name=\"description\" content=\"Teemme s\u00e4hk\u00f6- ja automaatiosuunnittelua pitk\u00e4ll\u00e4 kokemuksella laajasti eri kohteiden ja alojen tarpeisiin.\" \/>\n<meta name=\"robots\" content=\"index, follow, max-snippet:-1, max-image-preview:large, max-video-preview:-1\" \/>\n<link rel=\"canonical\" href=\"https:\/\/polartek.fi\/en\/sahko-ja-automaatiosuunnittelu\/\" \/>\n<meta property=\"og:locale\" content=\"en_US\" \/>\n<meta property=\"og:type\" content=\"article\" \/>\n<meta property=\"og:title\" content=\"S\u00e4hk\u00f6- ja automaatiosuunnittelu - Polartek\" \/>\n<meta property=\"og:description\" content=\"Teemme s\u00e4hk\u00f6- ja automaatiosuunnittelua pitk\u00e4ll\u00e4 kokemuksella laajasti eri kohteiden ja alojen tarpeisiin.\" \/>\n<meta property=\"og:url\" content=\"https:\/\/polartek.fi\/en\/sahko-ja-automaatiosuunnittelu\/\" \/>\n<meta property=\"og:site_name\" content=\"Polartek\" \/>\n<meta property=\"article:modified_time\" content=\"2022-02-09T12:12:44+00:00\" \/>\n<meta property=\"og:image\" content=\"https:\/\/polartek.fi\/wp-content\/uploads\/2022\/01\/Polartek_etusivu_palkki-1024x120.png\" \/>\n<meta name=\"twitter:card\" content=\"summary_large_image\" \/>\n<meta name=\"twitter:label1\" content=\"Est. reading time\" \/>\n\t<meta name=\"twitter:data1\" content=\"2 minutes\" \/>\n<script type=\"application\/ld+json\" class=\"yoast-schema-graph\">{\"@context\":\"https:\/\/schema.org\",\"@graph\":[{\"@type\":\"WebPage\",\"@id\":\"https:\/\/polartek.fi\/sahko-ja-automaatiosuunnittelu\/\",\"url\":\"https:\/\/polartek.fi\/sahko-ja-automaatiosuunnittelu\/\",\"name\":\"S\u00e4hk\u00f6- ja automaatiosuunnittelu - Polartek\",\"isPartOf\":{\"@id\":\"https:\/\/polartek.fi\/#website\"},\"primaryImageOfPage\":{\"@id\":\"https:\/\/polartek.fi\/sahko-ja-automaatiosuunnittelu\/#primaryimage\"},\"image\":{\"@id\":\"https:\/\/polartek.fi\/sahko-ja-automaatiosuunnittelu\/#primaryimage\"},\"thumbnailUrl\":\"https:\/\/polartek.fi\/wp-content\/uploads\/2022\/01\/Polartek_etusivu_palkki-1024x120.png\",\"datePublished\":\"2022-01-24T12:19:57+00:00\",\"dateModified\":\"2022-02-09T12:12:44+00:00\",\"description\":\"Teemme s\u00e4hk\u00f6- ja automaatiosuunnittelua pitk\u00e4ll\u00e4 kokemuksella laajasti eri kohteiden ja alojen tarpeisiin.\",\"breadcrumb\":{\"@id\":\"https:\/\/polartek.fi\/sahko-ja-automaatiosuunnittelu\/#breadcrumb\"},\"inLanguage\":\"en-US\",\"potentialAction\":[{\"@type\":\"ReadAction\",\"target\":[\"https:\/\/polartek.fi\/sahko-ja-automaatiosuunnittelu\/\"]}]},{\"@type\":\"ImageObject\",\"inLanguage\":\"en-US\",\"@id\":\"https:\/\/polartek.fi\/sahko-ja-automaatiosuunnittelu\/#primaryimage\",\"url\":\"https:\/\/polartek.fi\/wp-content\/uploads\/2022\/01\/Polartek_etusivu_palkki-1024x120.png\",\"contentUrl\":\"https:\/\/polartek.fi\/wp-content\/uploads\/2022\/01\/Polartek_etusivu_palkki-1024x120.png\"},{\"@type\":\"BreadcrumbList\",\"@id\":\"https:\/\/polartek.fi\/sahko-ja-automaatiosuunnittelu\/#breadcrumb\",\"itemListElement\":[{\"@type\":\"ListItem\",\"position\":1,\"name\":\"Etusivu\",\"item\":\"https:\/\/polartek.fi\/\"},{\"@type\":\"ListItem\",\"position\":2,\"name\":\"S\u00e4hk\u00f6- ja automaatiosuunnittelu\"}]},{\"@type\":\"WebSite\",\"@id\":\"https:\/\/polartek.fi\/#website\",\"url\":\"https:\/\/polartek.fi\/\",\"name\":\"Polartek\",\"description\":\"\",\"publisher\":{\"@id\":\"https:\/\/polartek.fi\/#organization\"},\"potentialAction\":[{\"@type\":\"SearchAction\",\"target\":{\"@type\":\"EntryPoint\",\"urlTemplate\":\"https:\/\/polartek.fi\/?s={search_term_string}\"},\"query-input\":{\"@type\":\"PropertyValueSpecification\",\"valueRequired\":true,\"valueName\":\"search_term_string\"}}],\"inLanguage\":\"en-US\"},{\"@type\":\"Organization\",\"@id\":\"https:\/\/polartek.fi\/#organization\",\"name\":\"Insin\u00f6\u00f6ritoimisto Polartek Oy\",\"url\":\"https:\/\/polartek.fi\/\",\"logo\":{\"@type\":\"ImageObject\",\"inLanguage\":\"en-US\",\"@id\":\"https:\/\/polartek.fi\/#\/schema\/logo\/image\/\",\"url\":\"http:\/\/inweb548537.grid1.customers.inhosting.fi\/wp-content\/uploads\/2022\/01\/Polartek_Logo.png\",\"contentUrl\":\"http:\/\/inweb548537.grid1.customers.inhosting.fi\/wp-content\/uploads\/2022\/01\/Polartek_Logo.png\",\"width\":252,\"height\":51,\"caption\":\"Insin\u00f6\u00f6ritoimisto Polartek Oy\"},\"image\":{\"@id\":\"https:\/\/polartek.fi\/#\/schema\/logo\/image\/\"}}]}<\/script>\n<!-- \/ Yoast SEO plugin. -->","yoast_head_json":{"title":"S\u00e4hk\u00f6- ja automaatiosuunnittelu - Polartek","description":"Teemme s\u00e4hk\u00f6- ja automaatiosuunnittelua pitk\u00e4ll\u00e4 kokemuksella laajasti eri kohteiden ja alojen tarpeisiin.","robots":{"index":"index","follow":"follow","max-snippet":"max-snippet:-1","max-image-preview":"max-image-preview:large","max-video-preview":"max-video-preview:-1"},"canonical":"https:\/\/polartek.fi\/en\/sahko-ja-automaatiosuunnittelu\/","og_locale":"en_US","og_type":"article","og_title":"S\u00e4hk\u00f6- ja automaatiosuunnittelu - Polartek","og_description":"Teemme s\u00e4hk\u00f6- ja automaatiosuunnittelua pitk\u00e4ll\u00e4 kokemuksella laajasti eri kohteiden ja alojen tarpeisiin.","og_url":"https:\/\/polartek.fi\/en\/sahko-ja-automaatiosuunnittelu\/","og_site_name":"Polartek","article_modified_time":"2022-02-09T12:12:44+00:00","og_image":[{"url":"https:\/\/polartek.fi\/wp-content\/uploads\/2022\/01\/Polartek_etusivu_palkki-1024x120.png","type":"","width":"","height":""}],"twitter_card":"summary_large_image","twitter_misc":{"Est. reading time":"2 minutes"},"schema":{"@context":"https:\/\/schema.org","@graph":[{"@type":"WebPage","@id":"https:\/\/polartek.fi\/sahko-ja-automaatiosuunnittelu\/","url":"https:\/\/polartek.fi\/sahko-ja-automaatiosuunnittelu\/","name":"S\u00e4hk\u00f6- ja automaatiosuunnittelu - Polartek","isPartOf":{"@id":"https:\/\/polartek.fi\/#website"},"primaryImageOfPage":{"@id":"https:\/\/polartek.fi\/sahko-ja-automaatiosuunnittelu\/#primaryimage"},"image":{"@id":"https:\/\/polartek.fi\/sahko-ja-automaatiosuunnittelu\/#primaryimage"},"thumbnailUrl":"https:\/\/polartek.fi\/wp-content\/uploads\/2022\/01\/Polartek_etusivu_palkki-1024x120.png","datePublished":"2022-01-24T12:19:57+00:00","dateModified":"2022-02-09T12:12:44+00:00","description":"Teemme s\u00e4hk\u00f6- ja automaatiosuunnittelua pitk\u00e4ll\u00e4 kokemuksella laajasti eri kohteiden ja alojen tarpeisiin.","breadcrumb":{"@id":"https:\/\/polartek.fi\/sahko-ja-automaatiosuunnittelu\/#breadcrumb"},"inLanguage":"en-US","potentialAction":[{"@type":"ReadAction","target":["https:\/\/polartek.fi\/sahko-ja-automaatiosuunnittelu\/"]}]},{"@type":"ImageObject","inLanguage":"en-US","@id":"https:\/\/polartek.fi\/sahko-ja-automaatiosuunnittelu\/#primaryimage","url":"https:\/\/polartek.fi\/wp-content\/uploads\/2022\/01\/Polartek_etusivu_palkki-1024x120.png","contentUrl":"https:\/\/polartek.fi\/wp-content\/uploads\/2022\/01\/Polartek_etusivu_palkki-1024x120.png"},{"@type":"BreadcrumbList","@id":"https:\/\/polartek.fi\/sahko-ja-automaatiosuunnittelu\/#breadcrumb","itemListElement":[{"@type":"ListItem","position":1,"name":"Etusivu","item":"https:\/\/polartek.fi\/"},{"@type":"ListItem","position":2,"name":"S\u00e4hk\u00f6- ja automaatiosuunnittelu"}]},{"@type":"WebSite","@id":"https:\/\/polartek.fi\/#website","url":"https:\/\/polartek.fi\/","name":"Polartek","description":"","publisher":{"@id":"https:\/\/polartek.fi\/#organization"},"potentialAction":[{"@type":"SearchAction","target":{"@type":"EntryPoint","urlTemplate":"https:\/\/polartek.fi\/?s={search_term_string}"},"query-input":{"@type":"PropertyValueSpecification","valueRequired":true,"valueName":"search_term_string"}}],"inLanguage":"en-US"},{"@type":"Organization","@id":"https:\/\/polartek.fi\/#organization","name":"Insin\u00f6\u00f6ritoimisto Polartek Oy","url":"https:\/\/polartek.fi\/","logo":{"@type":"ImageObject","inLanguage":"en-US","@id":"https:\/\/polartek.fi\/#\/schema\/logo\/image\/","url":"http:\/\/inweb548537.grid1.customers.inhosting.fi\/wp-content\/uploads\/2022\/01\/Polartek_Logo.png","contentUrl":"http:\/\/inweb548537.grid1.customers.inhosting.fi\/wp-content\/uploads\/2022\/01\/Polartek_Logo.png","width":252,"height":51,"caption":"Insin\u00f6\u00f6ritoimisto Polartek Oy"},"image":{"@id":"https:\/\/polartek.fi\/#\/schema\/logo\/image\/"}}]}},"_links":{"self":[{"href":"https:\/\/polartek.fi\/en\/wp-json\/wp\/v2\/pages\/221","targetHints":{"allow":["GET"]}}],"collection":[{"href":"https:\/\/polartek.fi\/en\/wp-json\/wp\/v2\/pages"}],"about":[{"href":"https:\/\/polartek.fi\/en\/wp-json\/wp\/v2\/types\/page"}],"author":[{"embeddable":true,"href":"https:\/\/polartek.fi\/en\/wp-json\/wp\/v2\/users\/1"}],"replies":[{"embeddable":true,"href":"https:\/\/polartek.fi\/en\/wp-json\/wp\/v2\/comments?post=221"}],"version-history":[{"count":38,"href":"https:\/\/polartek.fi\/en\/wp-json\/wp\/v2\/pages\/221\/revisions"}],"predecessor-version":[{"id":787,"href":"https:\/\/polartek.fi\/en\/wp-json\/wp\/v2\/pages\/221\/revisions\/787"}],"wp:attachment":[{"href":"https:\/\/polartek.fi\/en\/wp-json\/wp\/v2\/media?parent=221"}],"curies":[{"name":"wp","href":"https:\/\/api.w.org\/{rel}","templated":true}]}}