{"id":227,"date":"2022-01-24T14:21:14","date_gmt":"2022-01-24T12:21:14","guid":{"rendered":"http:\/\/inweb548537.grid1.customers.inhosting.fi\/?page_id=227"},"modified":"2022-02-09T14:13:14","modified_gmt":"2022-02-09T12:13:14","slug":"asennusvalvonta","status":"publish","type":"page","link":"https:\/\/polartek.fi\/en\/asennusvalvonta\/","title":{"rendered":"Installation supervision"},"content":{"rendered":"<div data-elementor-type=\"wp-page\" data-elementor-id=\"227\" class=\"elementor elementor-227\">\n\t\t\t\t\t\t<section class=\"elementor-section elementor-top-section elementor-element elementor-element-7f296ad0 elementor-section-full_width elementor-section-height-min-height elementor-section-height-default elementor-section-items-middle\" data-id=\"7f296ad0\" data-element_type=\"section\" data-settings=\"{&quot;background_background&quot;:&quot;classic&quot;}\">\n\t\t\t\t\t\t<div class=\"elementor-container elementor-column-gap-default\">\n\t\t\t\t\t<div class=\"elementor-column elementor-col-100 elementor-top-column elementor-element elementor-element-21fd4460\" data-id=\"21fd4460\" data-element_type=\"column\">\n\t\t\t<div class=\"elementor-widget-wrap elementor-element-populated\">\n\t\t\t\t\t\t<section class=\"elementor-section elementor-inner-section elementor-element elementor-element-6367bcac elementor-section-full_width elementor-section-height-default elementor-section-height-default\" data-id=\"6367bcac\" data-element_type=\"section\">\n\t\t\t\t\t\t<div class=\"elementor-container elementor-column-gap-default\">\n\t\t\t\t\t<div class=\"elementor-column elementor-col-100 elementor-inner-column elementor-element elementor-element-ebe1de5\" data-id=\"ebe1de5\" data-element_type=\"column\">\n\t\t\t<div class=\"elementor-widget-wrap elementor-element-populated\">\n\t\t\t\t\t\t<div class=\"elementor-element elementor-element-424212e7 elementor-widget elementor-widget-heading\" data-id=\"424212e7\" data-element_type=\"widget\" data-widget_type=\"heading.default\">\n\t\t\t\t<div class=\"elementor-widget-container\">\n\t\t\t\t\t<h1 class=\"elementor-heading-title elementor-size-default\">Installation supervision<\/h1>\t\t\t\t<\/div>\n\t\t\t\t<\/div>\n\t\t\t\t<div class=\"elementor-element elementor-element-5ad10091 elementor-widget elementor-widget-text-editor\" data-id=\"5ad10091\" data-element_type=\"widget\" data-widget_type=\"text-editor.default\">\n\t\t\t\t<div class=\"elementor-widget-container\">\n\t\t\t\t\t\t\t\t\t<p>Ensuring the quality of work<\/p>\t\t\t\t\t\t\t\t<\/div>\n\t\t\t\t<\/div>\n\t\t\t\t<div class=\"elementor-element elementor-element-5d966e75 elementor-align-left elementor-tablet-align-center elementor-widget elementor-widget-button\" data-id=\"5d966e75\" data-element_type=\"widget\" data-widget_type=\"button.default\">\n\t\t\t\t<div class=\"elementor-widget-container\">\n\t\t\t\t\t\t\t\t\t<div class=\"elementor-button-wrapper\">\n\t\t\t\t\t<a class=\"elementor-button elementor-button-link elementor-size-sm\" href=\"http:\/\/polartek.fi\/en\/yhteys\/\">\n\t\t\t\t\t\t<span class=\"elementor-button-content-wrapper\">\n\t\t\t\t\t\t\t\t\t<span class=\"elementor-button-text\">Contact us<\/span>\n\t\t\t\t\t<\/span>\n\t\t\t\t\t<\/a>\n\t\t\t\t<\/div>\n\t\t\t\t\t\t\t\t<\/div>\n\t\t\t\t<\/div>\n\t\t\t\t\t<\/div>\n\t\t<\/div>\n\t\t\t\t\t<\/div>\n\t\t<\/section>\n\t\t\t\t\t<\/div>\n\t\t<\/div>\n\t\t\t\t\t<\/div>\n\t\t<\/section>\n\t\t\t\t<section class=\"elementor-section elementor-top-section elementor-element elementor-element-4f65997b elementor-section-full_width elementor-section-height-default elementor-section-height-default\" data-id=\"4f65997b\" data-element_type=\"section\">\n\t\t\t\t\t\t<div class=\"elementor-container elementor-column-gap-default\">\n\t\t\t\t\t<div class=\"elementor-column elementor-col-50 elementor-top-column elementor-element elementor-element-5bd6a7e9\" data-id=\"5bd6a7e9\" data-element_type=\"column\" data-settings=\"{&quot;background_background&quot;:&quot;classic&quot;}\">\n\t\t\t<div class=\"elementor-widget-wrap\">\n\t\t\t\t\t\t\t<\/div>\n\t\t<\/div>\n\t\t\t\t<div class=\"elementor-column elementor-col-50 elementor-top-column elementor-element elementor-element-556042e4\" data-id=\"556042e4\" data-element_type=\"column\" data-settings=\"{&quot;background_background&quot;:&quot;classic&quot;}\">\n\t\t\t<div class=\"elementor-widget-wrap elementor-element-populated\">\n\t\t\t\t\t\t<div class=\"elementor-element elementor-element-3c7c78 elementor-widget elementor-widget-image\" data-id=\"3c7c78\" data-element_type=\"widget\" data-widget_type=\"image.default\">\n\t\t\t\t<div class=\"elementor-widget-container\">\n\t\t\t\t\t\t\t\t\t\t\t\t\t\t\t<img fetchpriority=\"high\" decoding=\"async\" width=\"800\" height=\"94\" src=\"https:\/\/polartek.fi\/wp-content\/uploads\/2022\/01\/Polartek_etusivu_palkki-1024x120.png\" class=\"attachment-large size-large wp-image-25\" alt=\"\" srcset=\"https:\/\/polartek.fi\/wp-content\/uploads\/2022\/01\/Polartek_etusivu_palkki-1024x120.png 1024w, https:\/\/polartek.fi\/wp-content\/uploads\/2022\/01\/Polartek_etusivu_palkki-300x35.png 300w, https:\/\/polartek.fi\/wp-content\/uploads\/2022\/01\/Polartek_etusivu_palkki-768x90.png 768w, https:\/\/polartek.fi\/wp-content\/uploads\/2022\/01\/Polartek_etusivu_palkki.png 1212w\" sizes=\"(max-width: 800px) 100vw, 800px\" \/>\t\t\t\t\t\t\t\t\t\t\t\t\t\t\t<\/div>\n\t\t\t\t<\/div>\n\t\t\t\t\t<\/div>\n\t\t<\/div>\n\t\t\t\t\t<\/div>\n\t\t<\/section>\n\t\t\t\t<section class=\"elementor-section elementor-top-section elementor-element elementor-element-78d1ce35 elementor-section-boxed elementor-section-height-default elementor-section-height-default\" data-id=\"78d1ce35\" data-element_type=\"section\">\n\t\t\t\t\t\t<div class=\"elementor-container elementor-column-gap-default\">\n\t\t\t\t\t<div class=\"elementor-column elementor-col-100 elementor-top-column elementor-element elementor-element-17c79cdb\" data-id=\"17c79cdb\" data-element_type=\"column\">\n\t\t\t<div class=\"elementor-widget-wrap elementor-element-populated\">\n\t\t\t\t\t\t<div class=\"elementor-element elementor-element-263c4c25 elementor-widget elementor-widget-text-editor\" data-id=\"263c4c25\" data-element_type=\"widget\" data-widget_type=\"text-editor.default\">\n\t\t\t\t<div class=\"elementor-widget-container\">\n\t\t\t\t\t\t\t\t\t<p>Installation supervision ensures that any installation work is done in compliance to required standards and expectations. We make sure that the quality of the work is as promised, the project stays on schedule, and that the documentation is done properly.<\/p>\t\t\t\t\t\t\t\t<\/div>\n\t\t\t\t<\/div>\n\t\t\t\t<div class=\"elementor-element elementor-element-15570cb9 elementor-widget elementor-widget-text-editor\" data-id=\"15570cb9\" data-element_type=\"widget\" data-widget_type=\"text-editor.default\">\n\t\t\t\t<div class=\"elementor-widget-container\">\n\t\t\t\t\t\t\t\t\t<p>Our supervision team can take control of projects in their entirety, or smaller sections of projects. We have experience from projects in Finland, but also from projects that have taken place in Russia, Middle East, Eastern Asia, and Africa.<\/p>\t\t\t\t\t\t\t\t<\/div>\n\t\t\t\t<\/div>\n\t\t\t\t\t<\/div>\n\t\t<\/div>\n\t\t\t\t\t<\/div>\n\t\t<\/section>\n\t\t\t\t<section class=\"elementor-section elementor-top-section elementor-element elementor-element-41188ba elementor-section-full_width elementor-reverse-tablet elementor-reverse-mobile elementor-section-height-default elementor-section-height-default\" data-id=\"41188ba\" data-element_type=\"section\" data-settings=\"{&quot;background_background&quot;:&quot;classic&quot;}\">\n\t\t\t\t\t\t<div class=\"elementor-container elementor-column-gap-default\">\n\t\t\t\t\t<div class=\"elementor-column elementor-col-50 elementor-top-column elementor-element elementor-element-598b8d7a\" data-id=\"598b8d7a\" data-element_type=\"column\" data-settings=\"{&quot;background_background&quot;:&quot;classic&quot;}\">\n\t\t\t<div class=\"elementor-widget-wrap elementor-element-populated\">\n\t\t\t\t\t\t<div class=\"elementor-element elementor-element-11abde6e elementor-widget elementor-widget-heading\" data-id=\"11abde6e\" data-element_type=\"widget\" data-widget_type=\"heading.default\">\n\t\t\t\t<div class=\"elementor-widget-container\">\n\t\t\t\t\t<h4 class=\"elementor-heading-title elementor-size-default\">Interested in our services?<\/h4>\t\t\t\t<\/div>\n\t\t\t\t<\/div>\n\t\t\t\t<div class=\"elementor-element elementor-element-42608704 elementor-widget elementor-widget-text-editor\" data-id=\"42608704\" data-element_type=\"widget\" data-widget_type=\"text-editor.default\">\n\t\t\t\t<div class=\"elementor-widget-container\">\n\t\t\t\t\t\t\t\t\t<p>Successful installation supervision ensures the quality of the final product. If you would like our experts to take part in your project, contact us and let\u2019s discuss further!<\/p>\t\t\t\t\t\t\t\t<\/div>\n\t\t\t\t<\/div>\n\t\t\t\t<div class=\"elementor-element elementor-element-2c761c6 elementor-align-center elementor-mobile-align-center elementor-widget elementor-widget-button\" data-id=\"2c761c6\" data-element_type=\"widget\" data-widget_type=\"button.default\">\n\t\t\t\t<div class=\"elementor-widget-container\">\n\t\t\t\t\t\t\t\t\t<div class=\"elementor-button-wrapper\">\n\t\t\t\t\t<a class=\"elementor-button elementor-button-link elementor-size-sm\" href=\"http:\/\/polartek.fi\/en\/yhteys\/\">\n\t\t\t\t\t\t<span class=\"elementor-button-content-wrapper\">\n\t\t\t\t\t\t\t\t\t<span class=\"elementor-button-text\">Contact us<\/span>\n\t\t\t\t\t<\/span>\n\t\t\t\t\t<\/a>\n\t\t\t\t<\/div>\n\t\t\t\t\t\t\t\t<\/div>\n\t\t\t\t<\/div>\n\t\t\t\t\t<\/div>\n\t\t<\/div>\n\t\t\t\t<div class=\"elementor-column elementor-col-50 elementor-top-column elementor-element elementor-element-cfd5ad9\" data-id=\"cfd5ad9\" data-element_type=\"column\" data-settings=\"{&quot;background_background&quot;:&quot;classic&quot;}\">\n\t\t\t<div class=\"elementor-widget-wrap elementor-element-populated\">\n\t\t\t\t\t\t<div class=\"elementor-element elementor-element-7eb9da1a elementor-widget elementor-widget-spacer\" data-id=\"7eb9da1a\" data-element_type=\"widget\" data-widget_type=\"spacer.default\">\n\t\t\t\t<div class=\"elementor-widget-container\">\n\t\t\t\t\t\t\t<div class=\"elementor-spacer\">\n\t\t\t<div class=\"elementor-spacer-inner\"><\/div>\n\t\t<\/div>\n\t\t\t\t\t\t<\/div>\n\t\t\t\t<\/div>\n\t\t\t\t\t<\/div>\n\t\t<\/div>\n\t\t\t\t\t<\/div>\n\t\t<\/section>\n\t\t\t\t<\/div>","protected":false},"excerpt":{"rendered":"<p>Asennusvalvonta Varmistamme ty\u00f6n laadun Ota yhteytt\u00e4 Asennusvalvonnassa huolehditaan siit\u00e4, ett\u00e4 tehdyt ty\u00f6t ja toimenpiteet hoidetaan asianmukaisesti ja standardeja noudattaen. Pid\u00e4mme huolen siit\u00e4, ett\u00e4 ty\u00f6n laatu vastaa luvattua, aikataulut pit\u00e4v\u00e4t ja dokumentointi on kunnossa. Asennusvalvontaryhm\u00e4mme voi ottaa hoitaakseen niin suurempia projektikokonaisuuksia kuin projektien pienempi\u00e4 osa-alueitakin. Meill\u00e4 on pitk\u00e4 kokemus paitsi kotimaisista kohteista, my\u00f6s ulkomailla toimimisesta: asennusvalvojamme [&hellip;]<\/p>","protected":false},"author":1,"featured_media":0,"parent":0,"menu_order":0,"comment_status":"closed","ping_status":"closed","template":"","meta":{"footnotes":""},"class_list":["post-227","page","type-page","status-publish","hentry"],"yoast_head":"<!-- This site is optimized with the Yoast SEO plugin v24.2 - https:\/\/yoast.com\/wordpress\/plugins\/seo\/ -->\n<title>Asennusvalvonta - Polartek<\/title>\n<meta name=\"description\" content=\"Asennusvalvonta varmistaa ty\u00f6n laadun. Huolehdimme siit\u00e4, ett\u00e4 ty\u00f6t ja toimenpiteet hoidetaan asianmukaisesti ja standardeja noudattaen.\" \/>\n<meta name=\"robots\" content=\"index, follow, max-snippet:-1, max-image-preview:large, max-video-preview:-1\" \/>\n<link rel=\"canonical\" href=\"https:\/\/polartek.fi\/en\/asennusvalvonta\/\" \/>\n<meta property=\"og:locale\" content=\"en_US\" \/>\n<meta property=\"og:type\" content=\"article\" \/>\n<meta property=\"og:title\" content=\"Asennusvalvonta - Polartek\" \/>\n<meta property=\"og:description\" content=\"Asennusvalvonta varmistaa ty\u00f6n laadun. Huolehdimme siit\u00e4, ett\u00e4 ty\u00f6t ja toimenpiteet hoidetaan asianmukaisesti ja standardeja noudattaen.\" \/>\n<meta property=\"og:url\" content=\"https:\/\/polartek.fi\/en\/asennusvalvonta\/\" \/>\n<meta property=\"og:site_name\" content=\"Polartek\" \/>\n<meta property=\"article:modified_time\" content=\"2022-02-09T12:13:14+00:00\" \/>\n<meta property=\"og:image\" content=\"https:\/\/polartek.fi\/wp-content\/uploads\/2022\/01\/Polartek_etusivu_palkki-1024x120.png\" \/>\n<meta name=\"twitter:card\" content=\"summary_large_image\" \/>\n<meta name=\"twitter:label1\" content=\"Est. reading time\" \/>\n\t<meta name=\"twitter:data1\" content=\"1 minute\" \/>\n<script type=\"application\/ld+json\" class=\"yoast-schema-graph\">{\"@context\":\"https:\/\/schema.org\",\"@graph\":[{\"@type\":\"WebPage\",\"@id\":\"https:\/\/polartek.fi\/asennusvalvonta\/\",\"url\":\"https:\/\/polartek.fi\/asennusvalvonta\/\",\"name\":\"Asennusvalvonta - Polartek\",\"isPartOf\":{\"@id\":\"https:\/\/polartek.fi\/#website\"},\"primaryImageOfPage\":{\"@id\":\"https:\/\/polartek.fi\/asennusvalvonta\/#primaryimage\"},\"image\":{\"@id\":\"https:\/\/polartek.fi\/asennusvalvonta\/#primaryimage\"},\"thumbnailUrl\":\"https:\/\/polartek.fi\/wp-content\/uploads\/2022\/01\/Polartek_etusivu_palkki-1024x120.png\",\"datePublished\":\"2022-01-24T12:21:14+00:00\",\"dateModified\":\"2022-02-09T12:13:14+00:00\",\"description\":\"Asennusvalvonta varmistaa ty\u00f6n laadun. Huolehdimme siit\u00e4, ett\u00e4 ty\u00f6t ja toimenpiteet hoidetaan asianmukaisesti ja standardeja noudattaen.\",\"breadcrumb\":{\"@id\":\"https:\/\/polartek.fi\/asennusvalvonta\/#breadcrumb\"},\"inLanguage\":\"en-US\",\"potentialAction\":[{\"@type\":\"ReadAction\",\"target\":[\"https:\/\/polartek.fi\/asennusvalvonta\/\"]}]},{\"@type\":\"ImageObject\",\"inLanguage\":\"en-US\",\"@id\":\"https:\/\/polartek.fi\/asennusvalvonta\/#primaryimage\",\"url\":\"https:\/\/polartek.fi\/wp-content\/uploads\/2022\/01\/Polartek_etusivu_palkki-1024x120.png\",\"contentUrl\":\"https:\/\/polartek.fi\/wp-content\/uploads\/2022\/01\/Polartek_etusivu_palkki-1024x120.png\"},{\"@type\":\"BreadcrumbList\",\"@id\":\"https:\/\/polartek.fi\/asennusvalvonta\/#breadcrumb\",\"itemListElement\":[{\"@type\":\"ListItem\",\"position\":1,\"name\":\"Etusivu\",\"item\":\"https:\/\/polartek.fi\/\"},{\"@type\":\"ListItem\",\"position\":2,\"name\":\"Asennusvalvonta\"}]},{\"@type\":\"WebSite\",\"@id\":\"https:\/\/polartek.fi\/#website\",\"url\":\"https:\/\/polartek.fi\/\",\"name\":\"Polartek\",\"description\":\"\",\"publisher\":{\"@id\":\"https:\/\/polartek.fi\/#organization\"},\"potentialAction\":[{\"@type\":\"SearchAction\",\"target\":{\"@type\":\"EntryPoint\",\"urlTemplate\":\"https:\/\/polartek.fi\/?s={search_term_string}\"},\"query-input\":{\"@type\":\"PropertyValueSpecification\",\"valueRequired\":true,\"valueName\":\"search_term_string\"}}],\"inLanguage\":\"en-US\"},{\"@type\":\"Organization\",\"@id\":\"https:\/\/polartek.fi\/#organization\",\"name\":\"Insin\u00f6\u00f6ritoimisto Polartek Oy\",\"url\":\"https:\/\/polartek.fi\/\",\"logo\":{\"@type\":\"ImageObject\",\"inLanguage\":\"en-US\",\"@id\":\"https:\/\/polartek.fi\/#\/schema\/logo\/image\/\",\"url\":\"http:\/\/inweb548537.grid1.customers.inhosting.fi\/wp-content\/uploads\/2022\/01\/Polartek_Logo.png\",\"contentUrl\":\"http:\/\/inweb548537.grid1.customers.inhosting.fi\/wp-content\/uploads\/2022\/01\/Polartek_Logo.png\",\"width\":252,\"height\":51,\"caption\":\"Insin\u00f6\u00f6ritoimisto Polartek Oy\"},\"image\":{\"@id\":\"https:\/\/polartek.fi\/#\/schema\/logo\/image\/\"}}]}<\/script>\n<!-- \/ Yoast SEO plugin. -->","yoast_head_json":{"title":"Asennusvalvonta - Polartek","description":"Asennusvalvonta varmistaa ty\u00f6n laadun. Huolehdimme siit\u00e4, ett\u00e4 ty\u00f6t ja toimenpiteet hoidetaan asianmukaisesti ja standardeja noudattaen.","robots":{"index":"index","follow":"follow","max-snippet":"max-snippet:-1","max-image-preview":"max-image-preview:large","max-video-preview":"max-video-preview:-1"},"canonical":"https:\/\/polartek.fi\/en\/asennusvalvonta\/","og_locale":"en_US","og_type":"article","og_title":"Asennusvalvonta - Polartek","og_description":"Asennusvalvonta varmistaa ty\u00f6n laadun. Huolehdimme siit\u00e4, ett\u00e4 ty\u00f6t ja toimenpiteet hoidetaan asianmukaisesti ja standardeja noudattaen.","og_url":"https:\/\/polartek.fi\/en\/asennusvalvonta\/","og_site_name":"Polartek","article_modified_time":"2022-02-09T12:13:14+00:00","og_image":[{"url":"https:\/\/polartek.fi\/wp-content\/uploads\/2022\/01\/Polartek_etusivu_palkki-1024x120.png","type":"","width":"","height":""}],"twitter_card":"summary_large_image","twitter_misc":{"Est. reading time":"1 minute"},"schema":{"@context":"https:\/\/schema.org","@graph":[{"@type":"WebPage","@id":"https:\/\/polartek.fi\/asennusvalvonta\/","url":"https:\/\/polartek.fi\/asennusvalvonta\/","name":"Asennusvalvonta - Polartek","isPartOf":{"@id":"https:\/\/polartek.fi\/#website"},"primaryImageOfPage":{"@id":"https:\/\/polartek.fi\/asennusvalvonta\/#primaryimage"},"image":{"@id":"https:\/\/polartek.fi\/asennusvalvonta\/#primaryimage"},"thumbnailUrl":"https:\/\/polartek.fi\/wp-content\/uploads\/2022\/01\/Polartek_etusivu_palkki-1024x120.png","datePublished":"2022-01-24T12:21:14+00:00","dateModified":"2022-02-09T12:13:14+00:00","description":"Asennusvalvonta varmistaa ty\u00f6n laadun. Huolehdimme siit\u00e4, ett\u00e4 ty\u00f6t ja toimenpiteet hoidetaan asianmukaisesti ja standardeja noudattaen.","breadcrumb":{"@id":"https:\/\/polartek.fi\/asennusvalvonta\/#breadcrumb"},"inLanguage":"en-US","potentialAction":[{"@type":"ReadAction","target":["https:\/\/polartek.fi\/asennusvalvonta\/"]}]},{"@type":"ImageObject","inLanguage":"en-US","@id":"https:\/\/polartek.fi\/asennusvalvonta\/#primaryimage","url":"https:\/\/polartek.fi\/wp-content\/uploads\/2022\/01\/Polartek_etusivu_palkki-1024x120.png","contentUrl":"https:\/\/polartek.fi\/wp-content\/uploads\/2022\/01\/Polartek_etusivu_palkki-1024x120.png"},{"@type":"BreadcrumbList","@id":"https:\/\/polartek.fi\/asennusvalvonta\/#breadcrumb","itemListElement":[{"@type":"ListItem","position":1,"name":"Etusivu","item":"https:\/\/polartek.fi\/"},{"@type":"ListItem","position":2,"name":"Asennusvalvonta"}]},{"@type":"WebSite","@id":"https:\/\/polartek.fi\/#website","url":"https:\/\/polartek.fi\/","name":"Polartek","description":"","publisher":{"@id":"https:\/\/polartek.fi\/#organization"},"potentialAction":[{"@type":"SearchAction","target":{"@type":"EntryPoint","urlTemplate":"https:\/\/polartek.fi\/?s={search_term_string}"},"query-input":{"@type":"PropertyValueSpecification","valueRequired":true,"valueName":"search_term_string"}}],"inLanguage":"en-US"},{"@type":"Organization","@id":"https:\/\/polartek.fi\/#organization","name":"Insin\u00f6\u00f6ritoimisto Polartek Oy","url":"https:\/\/polartek.fi\/","logo":{"@type":"ImageObject","inLanguage":"en-US","@id":"https:\/\/polartek.fi\/#\/schema\/logo\/image\/","url":"http:\/\/inweb548537.grid1.customers.inhosting.fi\/wp-content\/uploads\/2022\/01\/Polartek_Logo.png","contentUrl":"http:\/\/inweb548537.grid1.customers.inhosting.fi\/wp-content\/uploads\/2022\/01\/Polartek_Logo.png","width":252,"height":51,"caption":"Insin\u00f6\u00f6ritoimisto Polartek Oy"},"image":{"@id":"https:\/\/polartek.fi\/#\/schema\/logo\/image\/"}}]}},"_links":{"self":[{"href":"https:\/\/polartek.fi\/en\/wp-json\/wp\/v2\/pages\/227","targetHints":{"allow":["GET"]}}],"collection":[{"href":"https:\/\/polartek.fi\/en\/wp-json\/wp\/v2\/pages"}],"about":[{"href":"https:\/\/polartek.fi\/en\/wp-json\/wp\/v2\/types\/page"}],"author":[{"embeddable":true,"href":"https:\/\/polartek.fi\/en\/wp-json\/wp\/v2\/users\/1"}],"replies":[{"embeddable":true,"href":"https:\/\/polartek.fi\/en\/wp-json\/wp\/v2\/comments?post=227"}],"version-history":[{"count":23,"href":"https:\/\/polartek.fi\/en\/wp-json\/wp\/v2\/pages\/227\/revisions"}],"predecessor-version":[{"id":790,"href":"https:\/\/polartek.fi\/en\/wp-json\/wp\/v2\/pages\/227\/revisions\/790"}],"wp:attachment":[{"href":"https:\/\/polartek.fi\/en\/wp-json\/wp\/v2\/media?parent=227"}],"curies":[{"name":"wp","href":"https:\/\/api.w.org\/{rel}","templated":true}]}}