{"id":237,"date":"2022-01-24T14:23:25","date_gmt":"2022-01-24T12:23:25","guid":{"rendered":"http:\/\/inweb548537.grid1.customers.inhosting.fi\/?page_id=237"},"modified":"2022-02-09T14:15:24","modified_gmt":"2022-02-09T12:15:24","slug":"rakennesuunnittelu","status":"publish","type":"page","link":"https:\/\/polartek.fi\/en\/rakennesuunnittelu\/","title":{"rendered":"Structural engineering"},"content":{"rendered":"<div data-elementor-type=\"wp-page\" data-elementor-id=\"237\" class=\"elementor elementor-237\">\n\t\t\t\t\t\t<section class=\"elementor-section elementor-top-section elementor-element elementor-element-3c54799a elementor-section-full_width elementor-section-height-min-height elementor-section-height-default elementor-section-items-middle\" data-id=\"3c54799a\" data-element_type=\"section\" data-settings=\"{&quot;background_background&quot;:&quot;classic&quot;}\">\n\t\t\t\t\t\t<div class=\"elementor-container elementor-column-gap-default\">\n\t\t\t\t\t<div class=\"elementor-column elementor-col-100 elementor-top-column elementor-element elementor-element-69bc2d65\" data-id=\"69bc2d65\" data-element_type=\"column\">\n\t\t\t<div class=\"elementor-widget-wrap elementor-element-populated\">\n\t\t\t\t\t\t<section class=\"elementor-section elementor-inner-section elementor-element elementor-element-3b1e019d elementor-section-full_width elementor-section-height-default elementor-section-height-default\" data-id=\"3b1e019d\" data-element_type=\"section\">\n\t\t\t\t\t\t<div class=\"elementor-container elementor-column-gap-default\">\n\t\t\t\t\t<div class=\"elementor-column elementor-col-100 elementor-inner-column elementor-element elementor-element-2e50f4f3\" data-id=\"2e50f4f3\" data-element_type=\"column\">\n\t\t\t<div class=\"elementor-widget-wrap elementor-element-populated\">\n\t\t\t\t\t\t<div class=\"elementor-element elementor-element-19692082 elementor-widget elementor-widget-heading\" data-id=\"19692082\" data-element_type=\"widget\" data-widget_type=\"heading.default\">\n\t\t\t\t<div class=\"elementor-widget-container\">\n\t\t\t\t\t<h1 class=\"elementor-heading-title elementor-size-default\">Structural engineering<\/h1>\t\t\t\t<\/div>\n\t\t\t\t<\/div>\n\t\t\t\t<div class=\"elementor-element elementor-element-31b2b8df elementor-widget elementor-widget-text-editor\" data-id=\"31b2b8df\" data-element_type=\"widget\" data-widget_type=\"text-editor.default\">\n\t\t\t\t<div class=\"elementor-widget-container\">\n\t\t\t\t\t\t\t\t\t<p>Comprehensive and cost-efficient structural engineering<\/p>\t\t\t\t\t\t\t\t<\/div>\n\t\t\t\t<\/div>\n\t\t\t\t<div class=\"elementor-element elementor-element-5a71e374 elementor-align-left elementor-tablet-align-center elementor-widget elementor-widget-button\" data-id=\"5a71e374\" data-element_type=\"widget\" data-widget_type=\"button.default\">\n\t\t\t\t<div class=\"elementor-widget-container\">\n\t\t\t\t\t\t\t\t\t<div class=\"elementor-button-wrapper\">\n\t\t\t\t\t<a class=\"elementor-button elementor-button-link elementor-size-sm\" href=\"http:\/\/polartek.fi\/en\/yhteys\/\">\n\t\t\t\t\t\t<span class=\"elementor-button-content-wrapper\">\n\t\t\t\t\t\t\t\t\t<span class=\"elementor-button-text\">Contact us<\/span>\n\t\t\t\t\t<\/span>\n\t\t\t\t\t<\/a>\n\t\t\t\t<\/div>\n\t\t\t\t\t\t\t\t<\/div>\n\t\t\t\t<\/div>\n\t\t\t\t\t<\/div>\n\t\t<\/div>\n\t\t\t\t\t<\/div>\n\t\t<\/section>\n\t\t\t\t\t<\/div>\n\t\t<\/div>\n\t\t\t\t\t<\/div>\n\t\t<\/section>\n\t\t\t\t<section class=\"elementor-section elementor-top-section elementor-element elementor-element-21f1859b elementor-section-full_width elementor-section-height-default elementor-section-height-default\" data-id=\"21f1859b\" data-element_type=\"section\">\n\t\t\t\t\t\t<div class=\"elementor-container elementor-column-gap-default\">\n\t\t\t\t\t<div class=\"elementor-column elementor-col-50 elementor-top-column elementor-element elementor-element-581ec69d\" data-id=\"581ec69d\" data-element_type=\"column\" data-settings=\"{&quot;background_background&quot;:&quot;classic&quot;}\">\n\t\t\t<div class=\"elementor-widget-wrap\">\n\t\t\t\t\t\t\t<\/div>\n\t\t<\/div>\n\t\t\t\t<div class=\"elementor-column elementor-col-50 elementor-top-column elementor-element elementor-element-2930a5d6\" data-id=\"2930a5d6\" data-element_type=\"column\" data-settings=\"{&quot;background_background&quot;:&quot;classic&quot;}\">\n\t\t\t<div class=\"elementor-widget-wrap elementor-element-populated\">\n\t\t\t\t\t\t<div class=\"elementor-element elementor-element-32d1036d elementor-widget elementor-widget-image\" data-id=\"32d1036d\" data-element_type=\"widget\" data-widget_type=\"image.default\">\n\t\t\t\t<div class=\"elementor-widget-container\">\n\t\t\t\t\t\t\t\t\t\t\t\t\t\t\t<img fetchpriority=\"high\" decoding=\"async\" width=\"800\" height=\"94\" src=\"https:\/\/polartek.fi\/wp-content\/uploads\/2022\/01\/Polartek_etusivu_palkki-1024x120.png\" class=\"attachment-large size-large wp-image-25\" alt=\"\" srcset=\"https:\/\/polartek.fi\/wp-content\/uploads\/2022\/01\/Polartek_etusivu_palkki-1024x120.png 1024w, https:\/\/polartek.fi\/wp-content\/uploads\/2022\/01\/Polartek_etusivu_palkki-300x35.png 300w, https:\/\/polartek.fi\/wp-content\/uploads\/2022\/01\/Polartek_etusivu_palkki-768x90.png 768w, https:\/\/polartek.fi\/wp-content\/uploads\/2022\/01\/Polartek_etusivu_palkki.png 1212w\" sizes=\"(max-width: 800px) 100vw, 800px\" \/>\t\t\t\t\t\t\t\t\t\t\t\t\t\t\t<\/div>\n\t\t\t\t<\/div>\n\t\t\t\t\t<\/div>\n\t\t<\/div>\n\t\t\t\t\t<\/div>\n\t\t<\/section>\n\t\t\t\t<section class=\"elementor-section elementor-top-section elementor-element elementor-element-3e8a3530 elementor-section-boxed elementor-section-height-default elementor-section-height-default\" data-id=\"3e8a3530\" data-element_type=\"section\">\n\t\t\t\t\t\t<div class=\"elementor-container elementor-column-gap-default\">\n\t\t\t\t\t<div class=\"elementor-column elementor-col-100 elementor-top-column elementor-element elementor-element-14b52bd2\" data-id=\"14b52bd2\" data-element_type=\"column\">\n\t\t\t<div class=\"elementor-widget-wrap elementor-element-populated\">\n\t\t\t\t\t\t<div class=\"elementor-element elementor-element-4eb32b8c elementor-widget elementor-widget-text-editor\" data-id=\"4eb32b8c\" data-element_type=\"widget\" data-widget_type=\"text-editor.default\">\n\t\t\t\t<div class=\"elementor-widget-container\">\n\t\t\t\t\t\t\t\t\t<p>Our structural engineering services include engineering structures in accordance with Eurocodes, technical calculations, and data modelling.<\/p><p>We offer our customer a comprehensive and cost-effective solution that takes into account the intended usage of the facility. To ensure this goal we push for co-operation of different engineering fields.<\/p><p><span style=\"font-weight: 400;\">In addition to comprehensive structural engineering, we can also provide engineering work on smaller sections of a project, such as product part engineering for steel and concrete element structures.<\/span><span style=\"font-weight: 400;\">\u00a0We also provide services needed for structural engineering inspections, and strength analysis for steel, concrete, and wood structures in accordance with Eurocodes.<\/span><\/p>\t\t\t\t\t\t\t\t<\/div>\n\t\t\t\t<\/div>\n\t\t\t\t\t<\/div>\n\t\t<\/div>\n\t\t\t\t\t<\/div>\n\t\t<\/section>\n\t\t\t\t<section class=\"elementor-section elementor-top-section elementor-element elementor-element-50bc104 elementor-section-boxed elementor-section-height-default elementor-section-height-default\" data-id=\"50bc104\" data-element_type=\"section\">\n\t\t\t\t\t\t<div class=\"elementor-container elementor-column-gap-default\">\n\t\t\t\t\t<div class=\"elementor-column elementor-col-100 elementor-top-column elementor-element elementor-element-b1de896\" data-id=\"b1de896\" data-element_type=\"column\">\n\t\t\t<div class=\"elementor-widget-wrap elementor-element-populated\">\n\t\t\t\t\t\t<section class=\"elementor-section elementor-inner-section elementor-element elementor-element-acb5fb5 elementor-section-boxed elementor-section-height-default elementor-section-height-default\" data-id=\"acb5fb5\" data-element_type=\"section\">\n\t\t\t\t\t\t<div class=\"elementor-container elementor-column-gap-default\">\n\t\t\t\t\t<div class=\"elementor-column elementor-col-50 elementor-inner-column elementor-element elementor-element-72a750d\" data-id=\"72a750d\" data-element_type=\"column\">\n\t\t\t<div class=\"elementor-widget-wrap elementor-element-populated\">\n\t\t\t\t\t\t<div class=\"elementor-element elementor-element-1672605 elementor-widget elementor-widget-text-editor\" data-id=\"1672605\" data-element_type=\"widget\" data-widget_type=\"text-editor.default\">\n\t\t\t\t<div class=\"elementor-widget-container\">\n\t\t\t\t\t\t\t\t\t<p><strong>We specialize in both new buildings and renovation projects:<\/strong><\/p>\t\t\t\t\t\t\t\t<\/div>\n\t\t\t\t<\/div>\n\t\t\t\t<div class=\"elementor-element elementor-element-7f385d4 vaihe-lista elementor-widget elementor-widget-text-editor\" data-id=\"7f385d4\" data-element_type=\"widget\" data-widget_type=\"text-editor.default\">\n\t\t\t\t<div class=\"elementor-widget-container\">\n\t\t\t\t\t\t\t\t\t<ul><li>Warehouses<\/li><li>Facilities<\/li><li><span style=\"font-weight: 400;\">Production sites<\/span><\/li><li><span style=\"font-weight: 400;\">Stores<\/span><\/li><li><span style=\"font-weight: 400;\">Apartment buildings<\/span><\/li><\/ul>\t\t\t\t\t\t\t\t<\/div>\n\t\t\t\t<\/div>\n\t\t\t\t\t<\/div>\n\t\t<\/div>\n\t\t\t\t<div class=\"elementor-column elementor-col-50 elementor-inner-column elementor-element elementor-element-fb98b1e\" data-id=\"fb98b1e\" data-element_type=\"column\">\n\t\t\t<div class=\"elementor-widget-wrap elementor-element-populated\">\n\t\t\t\t\t\t<div class=\"elementor-element elementor-element-73c658b elementor-widget elementor-widget-text-editor\" data-id=\"73c658b\" data-element_type=\"widget\" data-widget_type=\"text-editor.default\">\n\t\t\t\t<div class=\"elementor-widget-container\">\n\t\t\t\t\t\t\t\t\t<p><strong>Also secondarily:<\/strong><\/p>\t\t\t\t\t\t\t\t<\/div>\n\t\t\t\t<\/div>\n\t\t\t\t<div class=\"elementor-element elementor-element-5d306bb vaihe-lista elementor-widget elementor-widget-text-editor\" data-id=\"5d306bb\" data-element_type=\"widget\" data-widget_type=\"text-editor.default\">\n\t\t\t\t<div class=\"elementor-widget-container\">\n\t\t\t\t\t\t\t\t\t<ul><li><span style=\"font-weight: 400;\">Advertisement pylons<\/span><\/li><li><span style=\"font-weight: 400;\">Care and equipment stand<\/span><\/li><li><span style=\"font-weight: 400;\">Foundations<\/span><\/li><li><span style=\"font-weight: 400;\">Buildings<\/span><\/li><li><span style=\"font-weight: 400;\">Tank and machinery foundations both earth-banked and anchored<\/span><\/li><\/ul>\t\t\t\t\t\t\t\t<\/div>\n\t\t\t\t<\/div>\n\t\t\t\t\t<\/div>\n\t\t<\/div>\n\t\t\t\t\t<\/div>\n\t\t<\/section>\n\t\t\t\t\t<\/div>\n\t\t<\/div>\n\t\t\t\t\t<\/div>\n\t\t<\/section>\n\t\t\t\t<section class=\"elementor-section elementor-top-section elementor-element elementor-element-20f536dd elementor-section-full_width elementor-reverse-tablet elementor-reverse-mobile elementor-section-height-default elementor-section-height-default\" data-id=\"20f536dd\" data-element_type=\"section\" data-settings=\"{&quot;background_background&quot;:&quot;classic&quot;}\">\n\t\t\t\t\t\t<div class=\"elementor-container elementor-column-gap-default\">\n\t\t\t\t\t<div class=\"elementor-column elementor-col-50 elementor-top-column elementor-element elementor-element-2a318f84\" data-id=\"2a318f84\" data-element_type=\"column\" data-settings=\"{&quot;background_background&quot;:&quot;classic&quot;}\">\n\t\t\t<div class=\"elementor-widget-wrap elementor-element-populated\">\n\t\t\t\t\t\t<div class=\"elementor-element elementor-element-33c17391 elementor-widget elementor-widget-heading\" data-id=\"33c17391\" data-element_type=\"widget\" data-widget_type=\"heading.default\">\n\t\t\t\t<div class=\"elementor-widget-container\">\n\t\t\t\t\t<h4 class=\"elementor-heading-title elementor-size-default\">Interested in our services?<\/h4>\t\t\t\t<\/div>\n\t\t\t\t<\/div>\n\t\t\t\t<div class=\"elementor-element elementor-element-43487810 elementor-widget elementor-widget-text-editor\" data-id=\"43487810\" data-element_type=\"widget\" data-widget_type=\"text-editor.default\">\n\t\t\t\t<div class=\"elementor-widget-container\">\n\t\t\t\t\t\t\t\t\t<p>Contact us and let\u2019s discuss further!<\/p>\t\t\t\t\t\t\t\t<\/div>\n\t\t\t\t<\/div>\n\t\t\t\t<div class=\"elementor-element elementor-element-62c20873 elementor-align-center elementor-mobile-align-center elementor-widget elementor-widget-button\" data-id=\"62c20873\" data-element_type=\"widget\" data-widget_type=\"button.default\">\n\t\t\t\t<div class=\"elementor-widget-container\">\n\t\t\t\t\t\t\t\t\t<div class=\"elementor-button-wrapper\">\n\t\t\t\t\t<a class=\"elementor-button elementor-button-link elementor-size-sm\" href=\"http:\/\/polartek.fi\/en\/yhteys\/\">\n\t\t\t\t\t\t<span class=\"elementor-button-content-wrapper\">\n\t\t\t\t\t\t\t\t\t<span class=\"elementor-button-text\">Contact us<\/span>\n\t\t\t\t\t<\/span>\n\t\t\t\t\t<\/a>\n\t\t\t\t<\/div>\n\t\t\t\t\t\t\t\t<\/div>\n\t\t\t\t<\/div>\n\t\t\t\t\t<\/div>\n\t\t<\/div>\n\t\t\t\t<div class=\"elementor-column elementor-col-50 elementor-top-column elementor-element elementor-element-5ba2a8e\" data-id=\"5ba2a8e\" data-element_type=\"column\" data-settings=\"{&quot;background_background&quot;:&quot;classic&quot;}\">\n\t\t\t<div class=\"elementor-widget-wrap elementor-element-populated\">\n\t\t\t\t\t\t<div class=\"elementor-element elementor-element-c6bda99 elementor-widget elementor-widget-spacer\" data-id=\"c6bda99\" data-element_type=\"widget\" data-widget_type=\"spacer.default\">\n\t\t\t\t<div class=\"elementor-widget-container\">\n\t\t\t\t\t\t\t<div class=\"elementor-spacer\">\n\t\t\t<div class=\"elementor-spacer-inner\"><\/div>\n\t\t<\/div>\n\t\t\t\t\t\t<\/div>\n\t\t\t\t<\/div>\n\t\t\t\t\t<\/div>\n\t\t<\/div>\n\t\t\t\t\t<\/div>\n\t\t<\/section>\n\t\t\t\t<\/div>","protected":false},"excerpt":{"rendered":"<p>Rakennesuunnittelu Kokonaisvaltaiset ja kustannustehokkaat rakennesuunnittelun ratkaisut Ota yhteytt\u00e4 Rakennesuunnittelun palveluihimme kuuluu esimerkiksi rakenteiden suunnittelu eurokoodien mukaan, teknist\u00e4 laskentaa sek\u00e4 tietomallinnuspalvelua. Tavoitteenamme on aina toteuttaa tilaajalle kokonaisvaltainen ja kustannustehokas ratkaisu, joka huomioi kohteen lopullisen k\u00e4ytt\u00f6tarkoituksen. Tavoitteeseen p\u00e4\u00e4st\u00e4\u00e4n panostamalla eri suunnittelualojen v\u00e4liseen yhteisty\u00f6h\u00f6n. Kokonaisvaltaisen, vastaavan rakennesuunnittelun lis\u00e4ksi voimme toteuttaa tarpeittesi mukaan vain jonkin tietyn rakennesuunnittelun osa-alueen, esimerkiksi [&hellip;]<\/p>","protected":false},"author":1,"featured_media":0,"parent":0,"menu_order":0,"comment_status":"closed","ping_status":"closed","template":"","meta":{"footnotes":""},"class_list":["post-237","page","type-page","status-publish","hentry"],"yoast_head":"<!-- This site is optimized with the Yoast SEO plugin v24.2 - https:\/\/yoast.com\/wordpress\/plugins\/seo\/ -->\n<title>Rakennesuunnittelu - Polartek<\/title>\n<meta name=\"description\" content=\"Kokonaisvaltaiset ja kustannustehokkaat rakennesuunnittelun ratkaisut rakennusliikkeiden ja teollisuuden saneeraus- ja uudiskohteisiin.\" \/>\n<meta name=\"robots\" content=\"index, follow, max-snippet:-1, max-image-preview:large, max-video-preview:-1\" \/>\n<link rel=\"canonical\" href=\"https:\/\/polartek.fi\/en\/rakennesuunnittelu\/\" \/>\n<meta property=\"og:locale\" content=\"en_US\" \/>\n<meta property=\"og:type\" content=\"article\" \/>\n<meta property=\"og:title\" content=\"Rakennesuunnittelu - Polartek\" \/>\n<meta property=\"og:description\" content=\"Kokonaisvaltaiset ja kustannustehokkaat rakennesuunnittelun ratkaisut rakennusliikkeiden ja teollisuuden saneeraus- ja uudiskohteisiin.\" \/>\n<meta property=\"og:url\" content=\"https:\/\/polartek.fi\/en\/rakennesuunnittelu\/\" \/>\n<meta property=\"og:site_name\" content=\"Polartek\" \/>\n<meta property=\"article:modified_time\" content=\"2022-02-09T12:15:24+00:00\" \/>\n<meta property=\"og:image\" content=\"https:\/\/polartek.fi\/wp-content\/uploads\/2022\/01\/Polartek_etusivu_palkki-1024x120.png\" \/>\n<meta name=\"twitter:card\" content=\"summary_large_image\" \/>\n<meta name=\"twitter:label1\" content=\"Est. reading time\" \/>\n\t<meta name=\"twitter:data1\" content=\"1 minute\" \/>\n<script type=\"application\/ld+json\" class=\"yoast-schema-graph\">{\"@context\":\"https:\/\/schema.org\",\"@graph\":[{\"@type\":\"WebPage\",\"@id\":\"https:\/\/polartek.fi\/rakennesuunnittelu\/\",\"url\":\"https:\/\/polartek.fi\/rakennesuunnittelu\/\",\"name\":\"Rakennesuunnittelu - Polartek\",\"isPartOf\":{\"@id\":\"https:\/\/polartek.fi\/#website\"},\"primaryImageOfPage\":{\"@id\":\"https:\/\/polartek.fi\/rakennesuunnittelu\/#primaryimage\"},\"image\":{\"@id\":\"https:\/\/polartek.fi\/rakennesuunnittelu\/#primaryimage\"},\"thumbnailUrl\":\"https:\/\/polartek.fi\/wp-content\/uploads\/2022\/01\/Polartek_etusivu_palkki-1024x120.png\",\"datePublished\":\"2022-01-24T12:23:25+00:00\",\"dateModified\":\"2022-02-09T12:15:24+00:00\",\"description\":\"Kokonaisvaltaiset ja kustannustehokkaat rakennesuunnittelun ratkaisut rakennusliikkeiden ja teollisuuden saneeraus- ja uudiskohteisiin.\",\"breadcrumb\":{\"@id\":\"https:\/\/polartek.fi\/rakennesuunnittelu\/#breadcrumb\"},\"inLanguage\":\"en-US\",\"potentialAction\":[{\"@type\":\"ReadAction\",\"target\":[\"https:\/\/polartek.fi\/rakennesuunnittelu\/\"]}]},{\"@type\":\"ImageObject\",\"inLanguage\":\"en-US\",\"@id\":\"https:\/\/polartek.fi\/rakennesuunnittelu\/#primaryimage\",\"url\":\"https:\/\/polartek.fi\/wp-content\/uploads\/2022\/01\/Polartek_etusivu_palkki-1024x120.png\",\"contentUrl\":\"https:\/\/polartek.fi\/wp-content\/uploads\/2022\/01\/Polartek_etusivu_palkki-1024x120.png\"},{\"@type\":\"BreadcrumbList\",\"@id\":\"https:\/\/polartek.fi\/rakennesuunnittelu\/#breadcrumb\",\"itemListElement\":[{\"@type\":\"ListItem\",\"position\":1,\"name\":\"Etusivu\",\"item\":\"https:\/\/polartek.fi\/\"},{\"@type\":\"ListItem\",\"position\":2,\"name\":\"Rakennesuunnittelu\"}]},{\"@type\":\"WebSite\",\"@id\":\"https:\/\/polartek.fi\/#website\",\"url\":\"https:\/\/polartek.fi\/\",\"name\":\"Polartek\",\"description\":\"\",\"publisher\":{\"@id\":\"https:\/\/polartek.fi\/#organization\"},\"potentialAction\":[{\"@type\":\"SearchAction\",\"target\":{\"@type\":\"EntryPoint\",\"urlTemplate\":\"https:\/\/polartek.fi\/?s={search_term_string}\"},\"query-input\":{\"@type\":\"PropertyValueSpecification\",\"valueRequired\":true,\"valueName\":\"search_term_string\"}}],\"inLanguage\":\"en-US\"},{\"@type\":\"Organization\",\"@id\":\"https:\/\/polartek.fi\/#organization\",\"name\":\"Insin\u00f6\u00f6ritoimisto Polartek Oy\",\"url\":\"https:\/\/polartek.fi\/\",\"logo\":{\"@type\":\"ImageObject\",\"inLanguage\":\"en-US\",\"@id\":\"https:\/\/polartek.fi\/#\/schema\/logo\/image\/\",\"url\":\"http:\/\/inweb548537.grid1.customers.inhosting.fi\/wp-content\/uploads\/2022\/01\/Polartek_Logo.png\",\"contentUrl\":\"http:\/\/inweb548537.grid1.customers.inhosting.fi\/wp-content\/uploads\/2022\/01\/Polartek_Logo.png\",\"width\":252,\"height\":51,\"caption\":\"Insin\u00f6\u00f6ritoimisto Polartek Oy\"},\"image\":{\"@id\":\"https:\/\/polartek.fi\/#\/schema\/logo\/image\/\"}}]}<\/script>\n<!-- \/ Yoast SEO plugin. -->","yoast_head_json":{"title":"Rakennesuunnittelu - Polartek","description":"Kokonaisvaltaiset ja kustannustehokkaat rakennesuunnittelun ratkaisut rakennusliikkeiden ja teollisuuden saneeraus- ja uudiskohteisiin.","robots":{"index":"index","follow":"follow","max-snippet":"max-snippet:-1","max-image-preview":"max-image-preview:large","max-video-preview":"max-video-preview:-1"},"canonical":"https:\/\/polartek.fi\/en\/rakennesuunnittelu\/","og_locale":"en_US","og_type":"article","og_title":"Rakennesuunnittelu - Polartek","og_description":"Kokonaisvaltaiset ja kustannustehokkaat rakennesuunnittelun ratkaisut rakennusliikkeiden ja teollisuuden saneeraus- ja uudiskohteisiin.","og_url":"https:\/\/polartek.fi\/en\/rakennesuunnittelu\/","og_site_name":"Polartek","article_modified_time":"2022-02-09T12:15:24+00:00","og_image":[{"url":"https:\/\/polartek.fi\/wp-content\/uploads\/2022\/01\/Polartek_etusivu_palkki-1024x120.png","type":"","width":"","height":""}],"twitter_card":"summary_large_image","twitter_misc":{"Est. reading time":"1 minute"},"schema":{"@context":"https:\/\/schema.org","@graph":[{"@type":"WebPage","@id":"https:\/\/polartek.fi\/rakennesuunnittelu\/","url":"https:\/\/polartek.fi\/rakennesuunnittelu\/","name":"Rakennesuunnittelu - Polartek","isPartOf":{"@id":"https:\/\/polartek.fi\/#website"},"primaryImageOfPage":{"@id":"https:\/\/polartek.fi\/rakennesuunnittelu\/#primaryimage"},"image":{"@id":"https:\/\/polartek.fi\/rakennesuunnittelu\/#primaryimage"},"thumbnailUrl":"https:\/\/polartek.fi\/wp-content\/uploads\/2022\/01\/Polartek_etusivu_palkki-1024x120.png","datePublished":"2022-01-24T12:23:25+00:00","dateModified":"2022-02-09T12:15:24+00:00","description":"Kokonaisvaltaiset ja kustannustehokkaat rakennesuunnittelun ratkaisut rakennusliikkeiden ja teollisuuden saneeraus- ja uudiskohteisiin.","breadcrumb":{"@id":"https:\/\/polartek.fi\/rakennesuunnittelu\/#breadcrumb"},"inLanguage":"en-US","potentialAction":[{"@type":"ReadAction","target":["https:\/\/polartek.fi\/rakennesuunnittelu\/"]}]},{"@type":"ImageObject","inLanguage":"en-US","@id":"https:\/\/polartek.fi\/rakennesuunnittelu\/#primaryimage","url":"https:\/\/polartek.fi\/wp-content\/uploads\/2022\/01\/Polartek_etusivu_palkki-1024x120.png","contentUrl":"https:\/\/polartek.fi\/wp-content\/uploads\/2022\/01\/Polartek_etusivu_palkki-1024x120.png"},{"@type":"BreadcrumbList","@id":"https:\/\/polartek.fi\/rakennesuunnittelu\/#breadcrumb","itemListElement":[{"@type":"ListItem","position":1,"name":"Etusivu","item":"https:\/\/polartek.fi\/"},{"@type":"ListItem","position":2,"name":"Rakennesuunnittelu"}]},{"@type":"WebSite","@id":"https:\/\/polartek.fi\/#website","url":"https:\/\/polartek.fi\/","name":"Polartek","description":"","publisher":{"@id":"https:\/\/polartek.fi\/#organization"},"potentialAction":[{"@type":"SearchAction","target":{"@type":"EntryPoint","urlTemplate":"https:\/\/polartek.fi\/?s={search_term_string}"},"query-input":{"@type":"PropertyValueSpecification","valueRequired":true,"valueName":"search_term_string"}}],"inLanguage":"en-US"},{"@type":"Organization","@id":"https:\/\/polartek.fi\/#organization","name":"Insin\u00f6\u00f6ritoimisto Polartek Oy","url":"https:\/\/polartek.fi\/","logo":{"@type":"ImageObject","inLanguage":"en-US","@id":"https:\/\/polartek.fi\/#\/schema\/logo\/image\/","url":"http:\/\/inweb548537.grid1.customers.inhosting.fi\/wp-content\/uploads\/2022\/01\/Polartek_Logo.png","contentUrl":"http:\/\/inweb548537.grid1.customers.inhosting.fi\/wp-content\/uploads\/2022\/01\/Polartek_Logo.png","width":252,"height":51,"caption":"Insin\u00f6\u00f6ritoimisto Polartek Oy"},"image":{"@id":"https:\/\/polartek.fi\/#\/schema\/logo\/image\/"}}]}},"_links":{"self":[{"href":"https:\/\/polartek.fi\/en\/wp-json\/wp\/v2\/pages\/237","targetHints":{"allow":["GET"]}}],"collection":[{"href":"https:\/\/polartek.fi\/en\/wp-json\/wp\/v2\/pages"}],"about":[{"href":"https:\/\/polartek.fi\/en\/wp-json\/wp\/v2\/types\/page"}],"author":[{"embeddable":true,"href":"https:\/\/polartek.fi\/en\/wp-json\/wp\/v2\/users\/1"}],"replies":[{"embeddable":true,"href":"https:\/\/polartek.fi\/en\/wp-json\/wp\/v2\/comments?post=237"}],"version-history":[{"count":38,"href":"https:\/\/polartek.fi\/en\/wp-json\/wp\/v2\/pages\/237\/revisions"}],"predecessor-version":[{"id":793,"href":"https:\/\/polartek.fi\/en\/wp-json\/wp\/v2\/pages\/237\/revisions\/793"}],"wp:attachment":[{"href":"https:\/\/polartek.fi\/en\/wp-json\/wp\/v2\/media?parent=237"}],"curies":[{"name":"wp","href":"https:\/\/api.w.org\/{rel}","templated":true}]}}